{"id":9648,"date":"2022-09-29T10:47:39","date_gmt":"2022-09-29T10:47:39","guid":{"rendered":"https:\/\/www.cooperativazenith.it\/?page_id=9648"},"modified":"2025-04-01T09:38:26","modified_gmt":"2025-04-01T09:38:26","slug":"fai-una-donazione","status":"publish","type":"page","link":"https:\/\/www.cooperativazenith.it\/index.php\/fai-una-donazione\/","title":{"rendered":"Fai una donazione"},"content":{"rendered":"<div class=\"wpb-content-wrapper\">[vc_row fullwidth=&#8221;true&#8221; visibility=&#8221;hidden-sm&#8221; css=&#8221;.vc_custom_1664444021238{margin-top: -60px !important;}&#8221;][vc_column][vc_column_text css=&#8221;.vc_custom_1664443944969{margin-bottom: 0px !important;}&#8221;]<script type=\"text\/javascript\">jQuery(function() { _initLayerSlider( '#layerslider_86_1j2ouc1akaier', {createdWith: '7.1.4', sliderVersion: '7.1.4', allowFullscreen: true, skin: 'v6', sliderFadeInDuration: 350, useSrcset: true, skinsPath: 'https:\/\/www.cooperativazenith.it\/wp-content\/plugins\/LayerSlider\/assets\/static\/layerslider\/skins\/', performanceMode: true}); });<\/script><div id=\"layerslider_86_1j2ouc1akaier\"  class=\"ls-wp-container fitvidsignore ls-selectable\" style=\"width:1024px;height:250px;margin:0 auto;margin-bottom: 0px;\"><div class=\"ls-slide\" ><img loading=\"lazy\" decoding=\"async\" width=\"1024\" height=\"250\" src=\"https:\/\/www.cooperativazenith.it\/wp-content\/uploads\/2022\/09\/fai-una-donazione-copia-1.jpg\" class=\"ls-bg\" alt=\"\" srcset=\"https:\/\/www.cooperativazenith.it\/wp-content\/uploads\/2022\/09\/fai-una-donazione-copia-1.jpg 1024w, https:\/\/www.cooperativazenith.it\/wp-content\/uploads\/2022\/09\/fai-una-donazione-copia-1-300x73.jpg 300w, https:\/\/www.cooperativazenith.it\/wp-content\/uploads\/2022\/09\/fai-una-donazione-copia-1-768x188.jpg 768w\" sizes=\"auto, (max-width: 1024px) 100vw, 1024px\" itemprop=\"image\" \/><\/div><\/div>[\/vc_column_text][\/vc_column][\/vc_row][vc_row fullwidth=&#8221;true&#8221; visibility=&#8221;visible-sm&#8221; css=&#8221;.vc_custom_1664444029658{margin-top: -60px !important;}&#8221;][vc_column][vc_column_text css=&#8221;.vc_custom_1664443944969{margin-bottom: 0px !important;}&#8221;]<script type=\"text\/javascript\">jQuery(function() { _initLayerSlider( '#layerslider_86_pm7zr35u1ltg', {createdWith: '7.1.4', sliderVersion: '7.1.4', allowFullscreen: true, skin: 'v6', sliderFadeInDuration: 350, useSrcset: true, skinsPath: 'https:\/\/www.cooperativazenith.it\/wp-content\/plugins\/LayerSlider\/assets\/static\/layerslider\/skins\/', performanceMode: true}); });<\/script><div id=\"layerslider_86_pm7zr35u1ltg\"  class=\"ls-wp-container fitvidsignore ls-selectable\" style=\"width:1024px;height:250px;margin:0 auto;margin-bottom: 0px;\"><div class=\"ls-slide\" ><img loading=\"lazy\" decoding=\"async\" width=\"1024\" height=\"250\" src=\"https:\/\/www.cooperativazenith.it\/wp-content\/uploads\/2022\/09\/fai-una-donazione-copia-1.jpg\" class=\"ls-bg\" alt=\"\" srcset=\"https:\/\/www.cooperativazenith.it\/wp-content\/uploads\/2022\/09\/fai-una-donazione-copia-1.jpg 1024w, https:\/\/www.cooperativazenith.it\/wp-content\/uploads\/2022\/09\/fai-una-donazione-copia-1-300x73.jpg 300w, https:\/\/www.cooperativazenith.it\/wp-content\/uploads\/2022\/09\/fai-una-donazione-copia-1-768x188.jpg 768w\" sizes=\"auto, (max-width: 1024px) 100vw, 1024px\" itemprop=\"image\" \/><\/div><\/div>[\/vc_column_text][\/vc_column][\/vc_row][vc_row visibility=&#8221;hidden-sm&#8221;][vc_column][vc_empty_space height=&#8221;50px&#8221;][vc_custom_heading text=&#8221;Grazie per aver scelto di donare&#8221; font_container=&#8221;tag:h3|font_size:30|text_align:left|color:%23ff7900&#8243; google_fonts=&#8221;font_family:Montserrat%3Aregular%2C700|font_style:400%20regular%3A400%3Anormal&#8221;][\/vc_column][\/vc_row][vc_row visibility=&#8221;visible-sm&#8221;][vc_column][vc_empty_space height=&#8221;25px&#8221;][vc_custom_heading text=&#8221;Grazie per aver scelto di donare&#8221; font_container=&#8221;tag:h2|text_align:left|color:%23ff7900&#8243; google_fonts=&#8221;font_family:Montserrat%3Aregular%2C700|font_style:400%20regular%3A400%3Anormal&#8221; css=&#8221;.vc_custom_1664453190492{padding-left: 15px !important;}&#8221;][\/vc_column][\/vc_row][vc_row visibility=&#8221;hidden-sm&#8221;][vc_column width=&#8221;1\/2&#8243;][vc_empty_space height=&#8221;20px&#8221;][vc_custom_heading text=&#8221;Con il tuo generoso e importante gesto stai contribuendo a rendere possibili interventi di aiuto e supporto alle persone fragili della nostra citt\u00e0.&#8221; font_container=&#8221;tag:h3|font_size:25|text_align:left&#8221; google_fonts=&#8221;font_family:Montserrat%3Aregular%2C700|font_style:400%20regular%3A400%3Anormal&#8221;][vc_empty_space height=&#8221;20px&#8221;][vc_custom_heading text=&#8221;I fondi che raccogliamo, infatti, li utilizziamo per aiutare anziani fragili e persone in difficolt\u00e0 socioeconomica.&#8221; font_container=&#8221;tag:h3|font_size:25|text_align:left&#8221; google_fonts=&#8221;font_family:Montserrat%3Aregular%2C700|font_style:400%20regular%3A400%3Anormal&#8221;][vc_empty_space height=&#8221;20px&#8221;][vc_custom_heading text=&#8221;Lo facciamo donando pasti caldi e tenendo compagnia a chi \u00e8 solo, ma anche organizzando iniziative e attivit\u00e0 socializzanti gratuite per le persone anziane della nostra citt\u00e0, cercando di stimolare legami che creino una rete di solidariet\u00e0 e vicinanza che contrasti la tendenza al ritiro sociale e all&#8217;isolamento.&#8221; font_container=&#8221;tag:h3|font_size:25|text_align:left&#8221; google_fonts=&#8221;font_family:Montserrat%3Aregular%2C700|font_style:400%20regular%3A400%3Anormal&#8221;][vc_empty_space height=&#8221;90px&#8221;][vc_row_inner][vc_column_inner width=&#8221;1\/2&#8243;][vc_column_text css=&#8221;.vc_custom_1664448276275{margin-bottom: 0px !important;}&#8221;]Lo sai che le donazioni che fai ti danno diritto ad agevolazioni fiscali?[\/vc_column_text][\/vc_column_inner][vc_column_inner width=&#8221;1\/2&#8243;][vc_single_image image=&#8221;12412&#8243; img_size=&#8221;full&#8221; onclick=&#8221;custom_link&#8221; css=&#8221;&#8221; link=&#8221;https:\/\/www.cooperativazenith.it\/index.php\/agevolazioni-fiscali-2\/&#8221;][vc_column_text css=&#8221;.vc_custom_1743500278144{margin-top: -20px !important;margin-bottom: 0px !important;}&#8221;]<a href=\"https:\/\/www.cooperativazenith.it\/index.php\/agevolazioni-fiscali-2\/\">Agevolazioni fiscali<\/a>[\/vc_column_text][\/vc_column_inner][\/vc_row_inner][\/vc_column][vc_column width=&#8221;1\/2&#8243; css=&#8221;.vc_custom_1664452496339{margin-top: -105px !important;background-color: #ededed !important;}&#8221;][vc_empty_space height=&#8221;124px&#8221;][vc_custom_heading text=&#8221;Puoi donare con Satispay cliccando sul pulsante qui sotto.&#8221; font_container=&#8221;tag:h3|font_size:25|text_align:left&#8221; google_fonts=&#8221;font_family:Montserrat%3Aregular%2C700|font_style:400%20regular%3A400%3Anormal&#8221; css=&#8221;.vc_custom_1720706609371{padding-left: 30px !important;}&#8221;][vc_single_image image=&#8221;8900&#8243; img_size=&#8221;full&#8221; alignment=&#8221;center&#8221; onclick=&#8221;custom_link&#8221; link=&#8221;https:\/\/www.cooperativazenith.it\/index.php\/dona-a-zenith-con-satispay\/&#8221;][vc_custom_heading text=&#8221;Oppure, puoi donare con Paypal, bonifico bancario o carta di credito compilando il form sottostante.&#8221; font_container=&#8221;tag:h3|font_size:25|text_align:left&#8221; google_fonts=&#8221;font_family:Montserrat%3Aregular%2C700|font_style:400%20regular%3A400%3Anormal&#8221; css=&#8221;.vc_custom_1720706347737{padding-left: 30px !important;}&#8221;][vc_column_text css=&#8221;.vc_custom_1664444220264{margin-bottom: 0px !important;}&#8221;]<div class=\"give-embed-form-wrapper\" id=\"give-6a023ef4cad6f\"><iframe\n\t\t\t\tname=\"give-embed-form\"\n\t\t\t\tsrc=\"https:\/\/www.cooperativazenith.it\/give\/donazioni-zenith?giveDonationFormInIframe=1\"\n\t\t\t\t\n\t\t\t\tdata-autoScroll=\"0\"\n\t\t\t\tonload=\"if( 'undefined' !== typeof Give ) { Give.initializeIframeResize(this) }\"\n\t\t\t\tstyle=\"border: 0;visibility: hidden;min-height: 600px;\"><\/iframe><div class=\"iframe-loader\">\n<div style=\"\n        height: 100%;\n        width: 100%;\n        display: flex;\n        align-items: center;\n        justify-content: center;\n    \">\n    <div style=\"\n        pointer-events: none;\n        height: 90px;\n        width: 90px;\n        background-image: url(&quot;data:image\/svg+xml;charset=utf8,%3C?xml version='1.0' encoding='utf-8'?%3E%3C!-- Generator: Adobe Illustrator 24.1.0, SVG Export Plug-In . SVG Version: 6.00 Build 0) --%3E%3Csvg version='1.1' id='Layer_1' xmlns='http:\/\/www.w3.org\/2000\/svg' xmlns:xlink='http:\/\/www.w3.org\/1999\/xlink' x='0px' y='0px' viewBox='0 0 349 348' style='enable-background:new 0 0 349 348;' xml:space='preserve'%3E%3Cstyle type='text\/css'%3E .st0{fill:%231E8CBE;} %3C\/style%3E%3Cpath class='st0' d='M25.1,204.57c-13.38,0-24.47-10.6-24.97-24.08C0.04,178.09,0,175.97,0,174C0,77.78,78.28-0.5,174.5-0.5 c13.81,0,25,11.19,25,25s-11.19,25-25,25C105.85,49.5,50,105.35,50,174c0,1.37,0.03,2.85,0.1,4.65c0.51,13.8-10.27,25.39-24.07,25.9 C25.72,204.56,25.41,204.57,25.1,204.57z'\/%3E%3Cpath class='st0' d='M174.5,348.5c-13.81,0-25-11.19-25-25c0-13.81,11.19-25,25-25c68.65,0,124.5-55.85,124.5-124.5 c0-1.38-0.03-2.85-0.1-4.65c-0.51-13.8,10.26-25.4,24.06-25.91c13.83-0.53,25.4,10.26,25.91,24.06c0.09,2.39,0.13,4.51,0.13,6.49 C349,270.22,270.72,348.5,174.5,348.5z'\/%3E%3C\/svg%3E&quot;);\n        animation: spin 0.6s linear infinite;\n        \"><\/div>\n<\/div>\n<\/div><\/div>[\/vc_column_text][\/vc_column][\/vc_row][vc_row visibility=&#8221;visible-sm&#8221;][vc_column width=&#8221;1\/2&#8243;][vc_empty_space height=&#8221;20px&#8221;][vc_custom_heading text=&#8221;Con il tuo generoso e importante gesto stai contribuendo a rendere possibili interventi di aiuto e supporto alle persone fragili della nostra citt\u00e0.&#8221; font_container=&#8221;tag:h3|font_size:20|text_align:left&#8221; google_fonts=&#8221;font_family:Montserrat%3Aregular%2C700|font_style:400%20regular%3A400%3Anormal&#8221; css=&#8221;.vc_custom_1743500156003{padding-left: 15px !important;}&#8221;][vc_custom_heading text=&#8221;I fondi che raccogliamo, infatti, li utilizziamo per aiutare anziani fragili e persone in difficolt\u00e0 socioeconomica.&#8221; font_container=&#8221;tag:h2|font_size:20|text_align:left&#8221; google_fonts=&#8221;font_family:Montserrat%3Aregular%2C700|font_style:400%20regular%3A400%3Anormal&#8221; css=&#8221;.vc_custom_1743500159973{padding-left: 15px !important;}&#8221;][vc_custom_heading text=&#8221;Lo facciamo donando pasti caldi e tenendo compagnia a chi \u00e8 solo, ma anche organizzando iniziative e attivit\u00e0 socializzanti gratuite per le persone anziane della nostra citt\u00e0, cercando di stimolare legami che creino una rete di solidariet\u00e0 e vicinanza che contrasti la tendenza al ritiro sociale e all&#8217;isolamento.&#8221; font_container=&#8221;tag:h2|font_size:20|text_align:left&#8221; google_fonts=&#8221;font_family:Montserrat%3Aregular%2C700|font_style:400%20regular%3A400%3Anormal&#8221; css=&#8221;.vc_custom_1743500165402{padding-left: 15px !important;}&#8221;][vc_empty_space height=&#8221;40px&#8221;][vc_row_inner][vc_column_inner width=&#8221;1\/2&#8243;][vc_column_text css=&#8221;.vc_custom_1664448276275{margin-bottom: 0px !important;}&#8221;]Lo sai che le donazioni che fai ti danno diritto ad agevolazioni fiscali?[\/vc_column_text][\/vc_column_inner][vc_column_inner width=&#8221;1\/2&#8243;][vc_single_image image=&#8221;12412&#8243; img_size=&#8221;full&#8221; onclick=&#8221;custom_link&#8221; css=&#8221;&#8221; link=&#8221;https:\/\/www.cooperativazenith.it\/index.php\/agevolazioni-fiscali-2\/&#8221;][vc_column_text css=&#8221;.vc_custom_1743500278144{margin-top: -20px !important;margin-bottom: 0px !important;}&#8221;]<a href=\"https:\/\/www.cooperativazenith.it\/index.php\/agevolazioni-fiscali-2\/\">Agevolazioni fiscali<\/a>[\/vc_column_text][\/vc_column_inner][\/vc_row_inner][\/vc_column][vc_column width=&#8221;1\/2&#8243; css=&#8221;.vc_custom_1664452864694{background-color: #ededed !important;}&#8221;][vc_empty_space height=&#8221;50px&#8221;][vc_custom_heading text=&#8221;Puoi donare con Satispay cliccando sul pulsante qui sotto.&#8221; font_container=&#8221;tag:h3|font_size:25|text_align:left&#8221; google_fonts=&#8221;font_family:Montserrat%3Aregular%2C700|font_style:400%20regular%3A400%3Anormal&#8221; css=&#8221;.vc_custom_1720706649250{padding-left: 15px !important;}&#8221;][vc_single_image image=&#8221;8900&#8243; img_size=&#8221;full&#8221; alignment=&#8221;center&#8221; onclick=&#8221;custom_link&#8221; link=&#8221;https:\/\/www.cooperativazenith.it\/index.php\/dona-a-zenith-con-satispay\/&#8221;][vc_custom_heading text=&#8221;Oppure, puoi donare con Paypal, bonifico bancario o carta di credito compilando il form sottostante.&#8221; font_container=&#8221;tag:h3|font_size:25|text_align:left&#8221; google_fonts=&#8221;font_family:Montserrat%3Aregular%2C700|font_style:400%20regular%3A400%3Anormal&#8221; css=&#8221;.vc_custom_1720706671793{padding-left: 15px !important;}&#8221;][vc_empty_space height=&#8221;20px&#8221;][vc_column_text css=&#8221;.vc_custom_1664444220264{margin-bottom: 0px !important;}&#8221;]<div class=\"give-embed-form-wrapper\" id=\"give-6a023ef4cbad6\"><iframe\n\t\t\t\tname=\"give-embed-form\"\n\t\t\t\tsrc=\"https:\/\/www.cooperativazenith.it\/give\/donazioni-zenith?giveDonationFormInIframe=1\"\n\t\t\t\t\n\t\t\t\tdata-autoScroll=\"0\"\n\t\t\t\tonload=\"if( 'undefined' !== typeof Give ) { Give.initializeIframeResize(this) }\"\n\t\t\t\tstyle=\"border: 0;visibility: hidden;min-height: 600px;\"><\/iframe><div class=\"iframe-loader\">\n<div style=\"\n        height: 100%;\n        width: 100%;\n        display: flex;\n        align-items: center;\n        justify-content: center;\n    \">\n    <div style=\"\n        pointer-events: none;\n        height: 90px;\n        width: 90px;\n        background-image: url(&quot;data:image\/svg+xml;charset=utf8,%3C?xml version='1.0' encoding='utf-8'?%3E%3C!-- Generator: Adobe Illustrator 24.1.0, SVG Export Plug-In . SVG Version: 6.00 Build 0) --%3E%3Csvg version='1.1' id='Layer_1' xmlns='http:\/\/www.w3.org\/2000\/svg' xmlns:xlink='http:\/\/www.w3.org\/1999\/xlink' x='0px' y='0px' viewBox='0 0 349 348' style='enable-background:new 0 0 349 348;' xml:space='preserve'%3E%3Cstyle type='text\/css'%3E .st0{fill:%231E8CBE;} %3C\/style%3E%3Cpath class='st0' d='M25.1,204.57c-13.38,0-24.47-10.6-24.97-24.08C0.04,178.09,0,175.97,0,174C0,77.78,78.28-0.5,174.5-0.5 c13.81,0,25,11.19,25,25s-11.19,25-25,25C105.85,49.5,50,105.35,50,174c0,1.37,0.03,2.85,0.1,4.65c0.51,13.8-10.27,25.39-24.07,25.9 C25.72,204.56,25.41,204.57,25.1,204.57z'\/%3E%3Cpath class='st0' d='M174.5,348.5c-13.81,0-25-11.19-25-25c0-13.81,11.19-25,25-25c68.65,0,124.5-55.85,124.5-124.5 c0-1.38-0.03-2.85-0.1-4.65c-0.51-13.8,10.26-25.4,24.06-25.91c13.83-0.53,25.4,10.26,25.91,24.06c0.09,2.39,0.13,4.51,0.13,6.49 C349,270.22,270.72,348.5,174.5,348.5z'\/%3E%3C\/svg%3E&quot;);\n        animation: spin 0.6s linear infinite;\n        \"><\/div>\n<\/div>\n<\/div><\/div>[\/vc_column_text][\/vc_column][\/vc_row]\n<\/div>","protected":false},"excerpt":{"rendered":"<p>[vc_row fullwidth=&#8221;true&#8221; visibility=&#8221;hidden-sm&#8221; css=&#8221;.vc_custom_1664444021238{margin-top: -60px !important;}&#8221;][vc_column][vc_column_text css=&#8221;.vc_custom_1664443944969{margin-bottom: 0px !important;}&#8221;][\/vc_column_text][\/vc_column][\/vc_row][vc_row fullwidth=&#8221;true&#8221; visibility=&#8221;visible-sm&#8221; css=&#8221;.vc_custom_1664444029658{margin-top: -60px !important;}&#8221;][vc_column][vc_column_text css=&#8221;.vc_custom_1664443944969{margin-bottom: 0px !important;}&#8221;][\/vc_column_text][\/vc_column][\/vc_row][vc_row visibility=&#8221;hidden-sm&#8221;][vc_column][vc_empty_space height=&#8221;50px&#8221;][vc_custom_heading text=&#8221;Grazie per aver scelto di donare&#8221; font_container=&#8221;tag:h3|font_size:30|text_align:left|color:%23ff7900&#8243; google_fonts=&#8221;font_family:Montserrat%3Aregular%2C700|font_style:400%20regular%3A400%3Anormal&#8221;][\/vc_column][\/vc_row][vc_row visibility=&#8221;visible-sm&#8221;][vc_column][vc_empty_space height=&#8221;25px&#8221;][vc_custom_heading text=&#8221;Grazie per aver scelto di donare&#8221; font_container=&#8221;tag:h2|text_align:left|color:%23ff7900&#8243; google_fonts=&#8221;font_family:Montserrat%3Aregular%2C700|font_style:400%20regular%3A400%3Anormal&#8221; css=&#8221;.vc_custom_1664453190492{padding-left: 15px !important;}&#8221;][\/vc_column][\/vc_row][vc_row visibility=&#8221;hidden-sm&#8221;][vc_column width=&#8221;1\/2&#8243;][vc_empty_space height=&#8221;20px&#8221;][vc_custom_heading text=&#8221;Con il tuo generoso e importante gesto stai contribuendo a rendere possibili [&hellip;]<\/p>\n","protected":false},"author":3,"featured_media":0,"parent":0,"menu_order":0,"comment_status":"closed","ping_status":"closed","template":"","meta":{"give_campaign_id":0,"om_disable_all_campaigns":false,"_uf_show_specific_survey":0,"_uf_disable_surveys":false,"footnotes":""},"class_list":["post-9648","page","type-page","status-publish","hentry"],"campaignId":"","_links":{"self":[{"href":"https:\/\/www.cooperativazenith.it\/index.php\/wp-json\/wp\/v2\/pages\/9648","targetHints":{"allow":["GET"]}}],"collection":[{"href":"https:\/\/www.cooperativazenith.it\/index.php\/wp-json\/wp\/v2\/pages"}],"about":[{"href":"https:\/\/www.cooperativazenith.it\/index.php\/wp-json\/wp\/v2\/types\/page"}],"author":[{"embeddable":true,"href":"https:\/\/www.cooperativazenith.it\/index.php\/wp-json\/wp\/v2\/users\/3"}],"replies":[{"embeddable":true,"href":"https:\/\/www.cooperativazenith.it\/index.php\/wp-json\/wp\/v2\/comments?post=9648"}],"version-history":[{"count":40,"href":"https:\/\/www.cooperativazenith.it\/index.php\/wp-json\/wp\/v2\/pages\/9648\/revisions"}],"predecessor-version":[{"id":9672,"href":"https:\/\/www.cooperativazenith.it\/index.php\/wp-json\/wp\/v2\/pages\/9648\/revisions\/9672"}],"wp:attachment":[{"href":"https:\/\/www.cooperativazenith.it\/index.php\/wp-json\/wp\/v2\/media?parent=9648"}],"curies":[{"name":"wp","href":"https:\/\/api.w.org\/{rel}","templated":true}]}}