{"id":66,"date":"2015-12-21T08:53:31","date_gmt":"2015-12-21T08:53:31","guid":{"rendered":"https:\/\/aziendalowcost.it\/wordpress\/?page_id=66"},"modified":"2024-07-22T11:51:05","modified_gmt":"2024-07-22T11:51:05","slug":"gruppi-per-utenza-con-disabilita","status":"publish","type":"page","link":"https:\/\/www.cooperativazenith.it\/index.php\/gruppi-per-utenza-con-disabilita\/","title":{"rendered":"Gruppi per utenza con disabilit\u00e0"},"content":{"rendered":"<div class=\"wpb-content-wrapper\">[vc_row fullwidth=&#8221;true&#8221; visibility=&#8221;hidden-sm&#8221; css=&#8221;.vc_custom_1555578717835{margin-top: -60px !important;}&#8221;][vc_column][vc_column_text css=&#8221;.vc_custom_1542703003270{margin-bottom: 0px !important;}&#8221;]<script type=\"text\/javascript\">jQuery(function() { _initLayerSlider( '#layerslider_26_byko45lwvl6v', {sliderVersion: '6.9.2', responsiveUnder: 0, layersContainer: 0, allowFullscreen: true, slideBGSize: 'auto', hideUnder: 0, hideOver: 100000, pauseOnHover: 1, skin: 'v5', sliderFadeInDuration: 350, useSrcset: true, skinsPath: 'https:\/\/www.cooperativazenith.it\/wp-content\/plugins\/LayerSlider\/assets\/static\/layerslider\/skins\/', performanceMode: true}); });<\/script><div id=\"layerslider_26_byko45lwvl6v\"  class=\"ls-wp-container fitvidsignore ls-selectable\" style=\"width:1024px;height:250px;margin:0 auto;margin-bottom: 0px;\"><div class=\"ls-slide\" ><img loading=\"lazy\" decoding=\"async\" width=\"1024\" height=\"250\" src=\"https:\/\/www.cooperativazenith.it\/wp-content\/uploads\/2021\/07\/gruppi-nuovo.jpg\" class=\"ls-bg\" alt=\"\" srcset=\"https:\/\/www.cooperativazenith.it\/wp-content\/uploads\/2021\/07\/gruppi-nuovo.jpg 1024w, https:\/\/www.cooperativazenith.it\/wp-content\/uploads\/2021\/07\/gruppi-nuovo-300x73.jpg 300w, https:\/\/www.cooperativazenith.it\/wp-content\/uploads\/2021\/07\/gruppi-nuovo-768x188.jpg 768w\" sizes=\"auto, (max-width: 1024px) 100vw, 1024px\" itemprop=\"image\" \/><\/div><\/div>[\/vc_column_text][vc_empty_space height=&#8221;50px&#8221;][\/vc_column][\/vc_row][vc_row fullwidth=&#8221;true&#8221; visibility=&#8221;visible-sm&#8221; css=&#8221;.vc_custom_1555578734618{margin-top: -25px !important;}&#8221;][vc_column][vc_column_text css=&#8221;.vc_custom_1542703003270{margin-bottom: 0px !important;}&#8221;]<script type=\"text\/javascript\">jQuery(function() { _initLayerSlider( '#layerslider_26_19xpymgfiozbt', {sliderVersion: '6.9.2', responsiveUnder: 0, layersContainer: 0, allowFullscreen: true, slideBGSize: 'auto', hideUnder: 0, hideOver: 100000, pauseOnHover: 1, skin: 'v5', sliderFadeInDuration: 350, useSrcset: true, skinsPath: 'https:\/\/www.cooperativazenith.it\/wp-content\/plugins\/LayerSlider\/assets\/static\/layerslider\/skins\/', performanceMode: true}); });<\/script><div id=\"layerslider_26_19xpymgfiozbt\"  class=\"ls-wp-container fitvidsignore ls-selectable\" style=\"width:1024px;height:250px;margin:0 auto;margin-bottom: 0px;\"><div class=\"ls-slide\" ><img loading=\"lazy\" decoding=\"async\" width=\"1024\" height=\"250\" src=\"https:\/\/www.cooperativazenith.it\/wp-content\/uploads\/2021\/07\/gruppi-nuovo.jpg\" class=\"ls-bg\" alt=\"\" srcset=\"https:\/\/www.cooperativazenith.it\/wp-content\/uploads\/2021\/07\/gruppi-nuovo.jpg 1024w, https:\/\/www.cooperativazenith.it\/wp-content\/uploads\/2021\/07\/gruppi-nuovo-300x73.jpg 300w, https:\/\/www.cooperativazenith.it\/wp-content\/uploads\/2021\/07\/gruppi-nuovo-768x188.jpg 768w\" sizes=\"auto, (max-width: 1024px) 100vw, 1024px\" itemprop=\"image\" \/><\/div><\/div>[\/vc_column_text][vc_empty_space height=&#8221;50px&#8221;][\/vc_column][\/vc_row][vc_row][vc_column width=&#8221;1\/4&#8243;][vc_custom_heading text=&#8221;Gruppi per persone con disabilit\u00e0&#8221; google_fonts=&#8221;font_family:Montserrat%3Aregular%2C700|font_style:400%20regular%3A400%3Anormal&#8221;][vc_empty_space height=&#8221;30px&#8221;][\/vc_column][vc_column width=&#8221;1\/2&#8243;][vc_column_text]<span style=\"color: #ff6600;\">W le Donne!<\/span><\/p>\n<p><span style=\"color: #000000;\">E\u2019 un gruppo avviato nell\u2019estate 2012 con lo scopo di individuare e attuare strategie efficaci orientate a intervenire sulle motivazioni che possono sostenere la persona nel perseguire abitudini e stile di vita volti al raggiungimento e al <strong>mantenimento di uno stato di benessere<\/strong> inteso in senso ampio e globale.<\/span><br \/>\n<span style=\"color: #000000;\"> Gli aspetti legati alla cura di s\u00e9 assumono quindi, in una dimensione ludica e informale tesa a stimolare la componente del piacere, il significato di acquisire uno stile di vita pi\u00f9 sano in quanto ad abitudini alimentari, movimento, cura del proprio aspetto, ma anche di farlo divertendosi.<\/span><br \/>\n<span style=\"color: #000000;\"> La scelta di limitare la partecipazione al progetto solo alle ospiti di sesso femminile dei Servizi di Autonomia e di Supporto all&#8217;Autonomia, immaginata per conferire una connotazione pi\u00f9 marcata al gruppo, consente inoltre l&#8217;instaurarsi di un clima di condivisione e di confronto, oltre che di un&#8217;atmosfera realmente svincolata dal \u201cdovere\u201d e dalla percezione dei gruppi\/laboratori abituali; ha infine permesso che gli aspetti legati alla cura di s\u00e9 venissero intesi in senso ampio e gradualmente trasformati in senso in occasione di miglioramento della percezione e della consapevolezza della propria identit\u00e0 personale.<\/span>[\/vc_column_text][vc_empty_space height=&#8221;30px&#8221;][vc_column_text]<span style=\"color: #ff6600;\">Affettivit\u00e0 e Sessualit\u00e0<\/span><\/p>\n<p><span style=\"color: #000000;\">Si tratta di un gruppo che, con il coinvolgimento di alcuni ospiti in veste di protagonisti delle serate seminariali organizzate dai <strong>Tavoli Tematici della Rete dei Servizi<\/strong> e promosse dalla Circoscrizione I (primavera del 2012 e del 2013), ha consentito ai partecipanti di testimoniare in prima persona l&#8217;esperienza del proprio percorso di vita, presentandola in un contesto pi\u00f9 ampio rivolto alla cittadinanza.<\/span><br \/>\n<span style=\"color: #000000;\"> Nel 2014 l&#8217;esperienza ha dato origine all&#8217;istituzione di un gruppo ispirato ai principi dell&#8217;auto mutuo aiuto e volto al sostegno nelle tematiche riguardanti la sfera dell&#8217;affettivit\u00e0 e sessualit\u00e0: tale percorso, nato dalla collaborazione delle diverse realt\u00e0 aderenti alla Rete Disabili, proseguir\u00e0 anche nell&#8217;anno in corso, con il coinvolgimento di ulteriori enti e associazioni.<\/span>[\/vc_column_text][vc_empty_space height=&#8221;30px&#8221;][vc_column_text]<span style=\"color: #ff6600;\">Percorso di mediazione educativa dei rapporti di coppia<\/span><\/p>\n<p><span style=\"color: #000000;\">Alle persone inserite nei Servizi di Autonomia e di Supporto all\u2019Autonomia, che vivono un\u2019esperienza di rapporto di coppia significativa, viene offerta la possibilit\u00e0 di intraprendere un percorso di mediazione educativa, al fine di implementare la capacit\u00e0 di comunicazione e di elaborazione dei contenuti emotivi, positivi e negativi, che nascono dall\u2019esperienza stessa.<\/span>[\/vc_column_text][vc_empty_space height=&#8221;30px&#8221;][\/vc_column][vc_column width=&#8221;1\/4&#8243;][vc_cta h2=&#8221;Aiutaci a prenderci cura di chi \u00e8 pi\u00f9 fragile!&#8221; h2_font_container=&#8221;tag:h3|font_size:24px|text_align:left|color:%23dd3333&#8243; h2_google_fonts=&#8221;font_family:Montserrat%3Aregular%2C700|font_style:400%20regular%3A400%3Anormal&#8221; shape=&#8221;square&#8221; style=&#8221;flat&#8221; add_button=&#8221;bottom&#8221; btn_title=&#8221;SCOPRI DI PI\u00d9!&#8221; btn_style=&#8221;flat&#8221; btn_shape=&#8221;square&#8221; btn_color=&#8221;danger&#8221; btn_size=&#8221;lg&#8221; btn_align=&#8221;center&#8221; use_custom_fonts_h2=&#8221;true&#8221; btn_button_block=&#8221;true&#8221; btn_link=&#8221;url:https%3A%2F%2Fwww.cooperativazenith.it%2Findex.php%2Fsostienici%2F|||&#8221;]Con il tuo contributo diventerai protagonista dei progetti e degli interventi che dedichiamo agli anziani fragili e alle persone in difficolt\u00e0 socioeconomica della nostra citt\u00e0.[\/vc_cta][\/vc_column][\/vc_row]\n<\/div>","protected":false},"excerpt":{"rendered":"<p>[vc_row fullwidth=&#8221;true&#8221; visibility=&#8221;hidden-sm&#8221; css=&#8221;.vc_custom_1555578717835{margin-top: -60px !important;}&#8221;][vc_column][vc_column_text css=&#8221;.vc_custom_1542703003270{margin-bottom: 0px !important;}&#8221;][\/vc_column_text][vc_empty_space height=&#8221;50px&#8221;][\/vc_column][\/vc_row][vc_row fullwidth=&#8221;true&#8221; visibility=&#8221;visible-sm&#8221; css=&#8221;.vc_custom_1555578734618{margin-top: -25px !important;}&#8221;][vc_column][vc_column_text css=&#8221;.vc_custom_1542703003270{margin-bottom: 0px !important;}&#8221;][\/vc_column_text][vc_empty_space height=&#8221;50px&#8221;][\/vc_column][\/vc_row][vc_row][vc_column width=&#8221;1\/4&#8243;][vc_custom_heading text=&#8221;Gruppi per persone con disabilit\u00e0&#8221; google_fonts=&#8221;font_family:Montserrat%3Aregular%2C700|font_style:400%20regular%3A400%3Anormal&#8221;][vc_empty_space height=&#8221;30px&#8221;][\/vc_column][vc_column width=&#8221;1\/2&#8243;][vc_column_text]W le Donne! E\u2019 un gruppo avviato nell\u2019estate 2012 con lo scopo di individuare e attuare strategie efficaci orientate a intervenire sulle motivazioni che possono sostenere la persona [&hellip;]<\/p>\n","protected":false},"author":2,"featured_media":0,"parent":0,"menu_order":0,"comment_status":"closed","ping_status":"closed","template":"","meta":{"give_campaign_id":0,"om_disable_all_campaigns":false,"_uf_show_specific_survey":0,"_uf_disable_surveys":false,"footnotes":""},"class_list":["post-66","page","type-page","status-publish","hentry"],"campaignId":"","_links":{"self":[{"href":"https:\/\/www.cooperativazenith.it\/index.php\/wp-json\/wp\/v2\/pages\/66","targetHints":{"allow":["GET"]}}],"collection":[{"href":"https:\/\/www.cooperativazenith.it\/index.php\/wp-json\/wp\/v2\/pages"}],"about":[{"href":"https:\/\/www.cooperativazenith.it\/index.php\/wp-json\/wp\/v2\/types\/page"}],"author":[{"embeddable":true,"href":"https:\/\/www.cooperativazenith.it\/index.php\/wp-json\/wp\/v2\/users\/2"}],"replies":[{"embeddable":true,"href":"https:\/\/www.cooperativazenith.it\/index.php\/wp-json\/wp\/v2\/comments?post=66"}],"version-history":[{"count":18,"href":"https:\/\/www.cooperativazenith.it\/index.php\/wp-json\/wp\/v2\/pages\/66\/revisions"}],"predecessor-version":[{"id":11564,"href":"https:\/\/www.cooperativazenith.it\/index.php\/wp-json\/wp\/v2\/pages\/66\/revisions\/11564"}],"wp:attachment":[{"href":"https:\/\/www.cooperativazenith.it\/index.php\/wp-json\/wp\/v2\/media?parent=66"}],"curies":[{"name":"wp","href":"https:\/\/api.w.org\/{rel}","templated":true}]}}