{"id":55,"date":"2015-12-20T14:55:09","date_gmt":"2015-12-20T14:55:09","guid":{"rendered":"https:\/\/aziendalowcost.it\/wordpress\/?page_id=55"},"modified":"2025-09-15T10:55:59","modified_gmt":"2025-09-15T10:55:59","slug":"iniziative-per-il-tempo-libero-per-soggetti-con-disabilita","status":"publish","type":"page","link":"https:\/\/www.cooperativazenith.it\/index.php\/iniziative-per-il-tempo-libero-per-soggetti-con-disabilita\/","title":{"rendered":"Iniziative per il tempo libero"},"content":{"rendered":"<div class=\"wpb-content-wrapper\">[vc_row fullwidth=&#8221;true&#8221; visibility=&#8221;hidden-sm&#8221; css=&#8221;.vc_custom_1555578641553{margin-top: -60px !important;}&#8221;][vc_column][vc_column_text css=&#8221;.vc_custom_1542638599923{margin-bottom: 0px !important;}&#8221;]<script type=\"text\/javascript\">jQuery(function() { _initLayerSlider( '#layerslider_25_q5ylrxfd9ycd', {sliderVersion: '6.9.2', responsiveUnder: 0, layersContainer: 0, allowFullscreen: true, slideBGSize: 'auto', hideUnder: 0, hideOver: 100000, pauseOnHover: 1, skin: 'v5', sliderFadeInDuration: 350, useSrcset: true, skinsPath: 'https:\/\/www.cooperativazenith.it\/wp-content\/plugins\/LayerSlider\/assets\/static\/layerslider\/skins\/', performanceMode: true}); });<\/script><div id=\"layerslider_25_q5ylrxfd9ycd\"  class=\"ls-wp-container fitvidsignore ls-selectable\" style=\"width:1024px;height:250px;margin:0 auto;margin-bottom: 0px;\"><div class=\"ls-slide\" ><img loading=\"lazy\" decoding=\"async\" width=\"1024\" height=\"250\" src=\"https:\/\/www.cooperativazenith.it\/wp-content\/uploads\/2021\/07\/tempo-libero-nuovo.jpg\" class=\"ls-bg\" alt=\"\" srcset=\"https:\/\/www.cooperativazenith.it\/wp-content\/uploads\/2021\/07\/tempo-libero-nuovo.jpg 1024w, https:\/\/www.cooperativazenith.it\/wp-content\/uploads\/2021\/07\/tempo-libero-nuovo-300x73.jpg 300w, https:\/\/www.cooperativazenith.it\/wp-content\/uploads\/2021\/07\/tempo-libero-nuovo-768x188.jpg 768w\" sizes=\"auto, (max-width: 1024px) 100vw, 1024px\" itemprop=\"image\" \/><\/div><\/div>[\/vc_column_text][vc_empty_space height=&#8221;50px&#8221;][\/vc_column][\/vc_row][vc_row fullwidth=&#8221;true&#8221; visibility=&#8221;visible-sm&#8221; css=&#8221;.vc_custom_1555578651572{margin-top: -25px !important;}&#8221;][vc_column][vc_column_text css=&#8221;.vc_custom_1542638599923{margin-bottom: 0px !important;}&#8221;]<script type=\"text\/javascript\">jQuery(function() { _initLayerSlider( '#layerslider_25_478k99bxfu2w', {sliderVersion: '6.9.2', responsiveUnder: 0, layersContainer: 0, allowFullscreen: true, slideBGSize: 'auto', hideUnder: 0, hideOver: 100000, pauseOnHover: 1, skin: 'v5', sliderFadeInDuration: 350, useSrcset: true, skinsPath: 'https:\/\/www.cooperativazenith.it\/wp-content\/plugins\/LayerSlider\/assets\/static\/layerslider\/skins\/', performanceMode: true}); });<\/script><div id=\"layerslider_25_478k99bxfu2w\"  class=\"ls-wp-container fitvidsignore ls-selectable\" style=\"width:1024px;height:250px;margin:0 auto;margin-bottom: 0px;\"><div class=\"ls-slide\" ><img loading=\"lazy\" decoding=\"async\" width=\"1024\" height=\"250\" src=\"https:\/\/www.cooperativazenith.it\/wp-content\/uploads\/2021\/07\/tempo-libero-nuovo.jpg\" class=\"ls-bg\" alt=\"\" srcset=\"https:\/\/www.cooperativazenith.it\/wp-content\/uploads\/2021\/07\/tempo-libero-nuovo.jpg 1024w, https:\/\/www.cooperativazenith.it\/wp-content\/uploads\/2021\/07\/tempo-libero-nuovo-300x73.jpg 300w, https:\/\/www.cooperativazenith.it\/wp-content\/uploads\/2021\/07\/tempo-libero-nuovo-768x188.jpg 768w\" sizes=\"auto, (max-width: 1024px) 100vw, 1024px\" itemprop=\"image\" \/><\/div><\/div>[\/vc_column_text][vc_empty_space height=&#8221;50px&#8221;][\/vc_column][\/vc_row][vc_row][vc_column width=&#8221;1\/4&#8243;][vc_custom_heading text=&#8221;Iniziative per il tempo libero&#8221; font_container=&#8221;tag:h2|text_align:left|color:%23FF7900&#8243; google_fonts=&#8221;font_family:Montserrat%3Aregular%2C700|font_style:400%20regular%3A400%3Anormal&#8221; css=&#8221;&#8221;][vc_empty_space height=&#8221;30px&#8221;][\/vc_column][vc_column width=&#8221;1\/2&#8243;][vc_column_text css=&#8221;.vc_custom_1757933754699{padding-top: 15px !important;padding-right: 15px !important;padding-bottom: 15px !important;padding-left: 15px !important;background-color: rgba(0,108,191,0.23) !important;*background-color: rgb(0,108,191) !important;}&#8221;]<span style=\"color: #000000;\">Le <strong>iniziative per il tempo libero per persone con disabilit\u00e0 mentale medio-lieve<\/strong>\u00a0si inseriscono nel sistema complessivo dei servizi di Zenith offerti alla persona quale prosecuzione di progetti e interventi finalizzati a sviluppare il massimo livello di autonomia possibile. Come tali, esse costituiscono una parte significativa del progetto socio-educativo e riabilitativo individualizzato.<\/span><br \/>\n<span style=\"color: #000000;\"> Grazie al progressivo raccordo con le risorse territoriali e all&#8217;attenzione costante a garantire elevati standard di qualit\u00e0, le esperienze realizzate sinora hanno presentato esiti fortemente positivi, soprattutto in termini di gradimento da parte dei partecipanti e delle loro famiglie.<\/span>[\/vc_column_text][vc_empty_space height=&#8221;30px&#8221;][vc_column_text]<span style=\"color: #000000;\">Gli elementi che ispirano i criteri per l&#8217;organizzazione e la gestione di tali iniziative si riconducono alla ricerca continua di obiettivi di miglioramento, nel rispetto dei bisogni della persona, volti all&#8217;arricchimento e all&#8217;evoluzione del suo percorso di vita; essi si possono sintetizzare in:<\/span><\/p>\n<ul>\n<li><span style=\"color: #000000;\">promozione di interventi volti all&#8217;empowerment e alla partecipazione attiva della persona<\/span><\/li>\n<li><span style=\"color: #000000;\">integrazione di attivit\u00e0 con la partecipazione di persone provenienti da Servizi diversi, non necessariamente gestiti da Zenith<\/span><\/li>\n<li><span style=\"color: #000000;\">offerta della possibilit\u00e0 di occasioni di svago e divertimento di qualit\u00e0, in contesti diversi da quello abituale e non prevalentemente legati al mondo della disabilit\u00e0<\/span><\/li>\n<\/ul>\n[\/vc_column_text][vc_empty_space height=&#8221;30px&#8221;][vc_single_image image=&#8221;12432&#8243; img_size=&#8221;300&#215;138&#8243; alignment=&#8221;center&#8221; onclick=&#8221;custom_link&#8221; css=&#8221;&#8221; link=&#8221;https:\/\/www.cooperativazenith.it\/index.php\/gruppi-per-utenza-con-disabilita\/&#8221;][vc_column_text css=&#8221;.vc_custom_1743517779592{margin-top: -20px !important;margin-bottom: 0px !important;}&#8221;]\n<p style=\"text-align: center;\"><a href=\"https:\/\/www.cooperativazenith.it\/index.php\/gruppi-per-utenza-con-disabilita\/\"><span style=\"color: #000000;\">Gruppi<\/span><\/a><\/p>\n[\/vc_column_text][vc_empty_space height=&#8221;15px&#8221;][vc_single_image image=&#8221;12433&#8243; img_size=&#8221;300&#215;138&#8243; alignment=&#8221;center&#8221; onclick=&#8221;custom_link&#8221; css=&#8221;&#8221; link=&#8221;https:\/\/www.cooperativazenith.it\/index.php\/laboratori-socialita-per-disabili\/&#8221;][vc_column_text css=&#8221;.vc_custom_1743517785127{margin-top: -20px !important;margin-bottom: 0px !important;}&#8221;]\n<p style=\"text-align: center;\"><a href=\"https:\/\/www.cooperativazenith.it\/index.php\/laboratori-socialita-per-disabili\/\"><span style=\"color: #000000;\">Laboratori socialit\u00e0<\/span><\/a><\/p>\n[\/vc_column_text][vc_empty_space height=&#8221;15px&#8221;][vc_single_image image=&#8221;12434&#8243; img_size=&#8221;300&#215;138&#8243; alignment=&#8221;center&#8221; onclick=&#8221;custom_link&#8221; css=&#8221;&#8221; link=&#8221;https:\/\/www.cooperativazenith.it\/index.php\/iniziative-di-socializzazione\/&#8221;][vc_column_text css=&#8221;.vc_custom_1743517795251{margin-top: -20px !important;margin-bottom: 0px !important;}&#8221;]\n<p style=\"text-align: center;\"><a href=\"https:\/\/www.cooperativazenith.it\/index.php\/iniziative-di-socializzazione\/\"><span style=\"color: #000000;\">Iniziative di socializzazione<\/span><\/a><\/p>\n[\/vc_column_text][vc_empty_space height=&#8221;30px&#8221;][\/vc_column][vc_column width=&#8221;1\/4&#8243;][vc_cta h2=&#8221;Aiutaci a prenderci cura di chi \u00e8 pi\u00f9 fragile!&#8221; h2_font_container=&#8221;tag:h3|font_size:24px|text_align:left|color:%23dd3333&#8243; h2_google_fonts=&#8221;font_family:Montserrat%3Aregular%2C700|font_style:400%20regular%3A400%3Anormal&#8221; shape=&#8221;square&#8221; style=&#8221;flat&#8221; add_button=&#8221;bottom&#8221; btn_title=&#8221;SCOPRI DI PI\u00d9!&#8221; btn_style=&#8221;flat&#8221; btn_shape=&#8221;square&#8221; btn_color=&#8221;danger&#8221; btn_size=&#8221;lg&#8221; btn_align=&#8221;center&#8221; use_custom_fonts_h2=&#8221;true&#8221; btn_button_block=&#8221;true&#8221; btn_link=&#8221;url:https%3A%2F%2Fwww.cooperativazenith.it%2Findex.php%2Fsostienici%2F|||&#8221;]Con il tuo contributo diventerai protagonista dei progetti e degli interventi che dedichiamo agli anziani fragili e alle persone in difficolt\u00e0 socioeconomica della nostra citt\u00e0.[\/vc_cta][\/vc_column][\/vc_row]\n<\/div>","protected":false},"excerpt":{"rendered":"<p>[vc_row fullwidth=&#8221;true&#8221; visibility=&#8221;hidden-sm&#8221; css=&#8221;.vc_custom_1555578641553{margin-top: -60px !important;}&#8221;][vc_column][vc_column_text css=&#8221;.vc_custom_1542638599923{margin-bottom: 0px !important;}&#8221;][\/vc_column_text][vc_empty_space height=&#8221;50px&#8221;][\/vc_column][\/vc_row][vc_row fullwidth=&#8221;true&#8221; visibility=&#8221;visible-sm&#8221; css=&#8221;.vc_custom_1555578651572{margin-top: -25px !important;}&#8221;][vc_column][vc_column_text css=&#8221;.vc_custom_1542638599923{margin-bottom: 0px !important;}&#8221;][\/vc_column_text][vc_empty_space height=&#8221;50px&#8221;][\/vc_column][\/vc_row][vc_row][vc_column width=&#8221;1\/4&#8243;][vc_custom_heading text=&#8221;Iniziative per il tempo libero&#8221; font_container=&#8221;tag:h2|text_align:left|color:%23FF7900&#8243; google_fonts=&#8221;font_family:Montserrat%3Aregular%2C700|font_style:400%20regular%3A400%3Anormal&#8221; css=&#8221;&#8221;][vc_empty_space height=&#8221;30px&#8221;][\/vc_column][vc_column width=&#8221;1\/2&#8243;][vc_column_text css=&#8221;.vc_custom_1757933754699{padding-top: 15px !important;padding-right: 15px !important;padding-bottom: 15px !important;padding-left: 15px !important;background-color: rgba(0,108,191,0.23) !important;*background-color: rgb(0,108,191) !important;}&#8221;]Le iniziative per il tempo libero per persone con disabilit\u00e0 mentale medio-lieve\u00a0si inseriscono [&hellip;]<\/p>\n","protected":false},"author":2,"featured_media":0,"parent":0,"menu_order":0,"comment_status":"closed","ping_status":"closed","template":"","meta":{"give_campaign_id":0,"om_disable_all_campaigns":false,"_uf_show_specific_survey":0,"_uf_disable_surveys":false,"footnotes":""},"class_list":["post-55","page","type-page","status-publish","hentry"],"campaignId":"","_links":{"self":[{"href":"https:\/\/www.cooperativazenith.it\/index.php\/wp-json\/wp\/v2\/pages\/55","targetHints":{"allow":["GET"]}}],"collection":[{"href":"https:\/\/www.cooperativazenith.it\/index.php\/wp-json\/wp\/v2\/pages"}],"about":[{"href":"https:\/\/www.cooperativazenith.it\/index.php\/wp-json\/wp\/v2\/types\/page"}],"author":[{"embeddable":true,"href":"https:\/\/www.cooperativazenith.it\/index.php\/wp-json\/wp\/v2\/users\/2"}],"replies":[{"embeddable":true,"href":"https:\/\/www.cooperativazenith.it\/index.php\/wp-json\/wp\/v2\/comments?post=55"}],"version-history":[{"count":27,"href":"https:\/\/www.cooperativazenith.it\/index.php\/wp-json\/wp\/v2\/pages\/55\/revisions"}],"predecessor-version":[{"id":13314,"href":"https:\/\/www.cooperativazenith.it\/index.php\/wp-json\/wp\/v2\/pages\/55\/revisions\/13314"}],"wp:attachment":[{"href":"https:\/\/www.cooperativazenith.it\/index.php\/wp-json\/wp\/v2\/media?parent=55"}],"curies":[{"name":"wp","href":"https:\/\/api.w.org\/{rel}","templated":true}]}}