{"id":516,"date":"2015-12-09T07:39:21","date_gmt":"2015-12-09T07:39:21","guid":{"rendered":"https:\/\/aziendalowcost.it\/wordpress\/?page_id=516"},"modified":"2018-12-17T11:03:25","modified_gmt":"2018-12-17T11:03:25","slug":"informativa-privacy","status":"publish","type":"page","link":"https:\/\/www.cooperativazenith.it\/index.php\/informativa-privacy\/","title":{"rendered":"Informativa privacy"},"content":{"rendered":"<div class=\"wpb-content-wrapper\">[vc_row][vc_column][vc_custom_heading text=&#8221;Regolamento Generale sulla Protezione dei Dati &#8211; Regolamento UE 2016\/679 &#8211; General Data Protection Regulation o \u201cGDPR\u201d&#8221; font_container=&#8221;tag:h2|text_align:center|color:%23ff7900&#8243; google_fonts=&#8221;font_family:Montserrat%3Aregular%2C700|font_style:400%20regular%3A400%3Anormal&#8221;][vc_custom_heading text=&#8221;Informativa sul trattamento dei dati&#8221; font_container=&#8221;tag:h2|text_align:center|color:%23b2b2b2&#8243; google_fonts=&#8221;font_family:Montserrat%3Aregular%2C700|font_style:400%20regular%3A400%3Anormal&#8221;][vc_empty_space height=&#8221;50px&#8221;][vc_column_text css=&#8221;.vc_custom_1545044600596{margin-bottom: 0px !important;}&#8221;]\n<p align=\"justify\"><span style=\"font-size: medium;\"><span style=\"color: #333333;\">Zenith S.C.S (sede legale in corso Francia 291 Torino, p.IVA 07175390017),<\/span><span style=\"color: #333333;\">\u00a0titolare del trattamento dei dati (di seguito Zenith<\/span><span style=\"color: #333333;\">), ha redatto, in modo semplice e comprensibile, il presente documento, riguardante il trattamento dei suoi dati personali, al fine di informarla sulle modalit\u00e0 di raccolta, gestione e conservazione dei suoi dati.<\/span><\/span><\/p>\n<p align=\"justify\"><span style=\"font-size: medium;\"><span style=\"color: #333333;\">Il trattamento dei dati effettuato da <\/span><span style=\"color: #333333;\">Zenith<\/span><span style=\"color: #333333;\"> \u00e8 improntato a principi di correttezza, liceit\u00e0, trasparenza, esattezza, integrit\u00e0, riservatezza, limitazione delle finalit\u00e0 e della conservazione e minimizzazione dei dati.<\/span><\/span><\/p>\n<p><span style=\"font-size: medium;\"><span style=\"color: #333333;\"><b>Finalit\u00e0 del trattamento e conservazione dei dati<\/b><\/span><\/span><\/p>\n<p><span style=\"color: #333333;\"><span style=\"font-size: medium;\">Zenith<\/span>\u00a0tratta i dati personali con le seguenti finalit\u00e0:<\/span><\/p>\n<p><span style=\"font-size: medium;\"><span style=\"color: #333333;\">&#8211; Per inviare al suo indirizzo email notizie e\/o aggiornamenti sulle nostre attivit\u00e0 culturali<br \/>\n&#8211; Per invitarla a partecipare ai nostri eventi culturali, gestire la sua eventuale iscrizione ad un nostro evento<br \/>\n&#8211; Per adempiere agli obblighi di Legge ove previsti<br \/>\n&#8211;\u00a0I dati personali sono trattati con strumenti manuali ed elettronici e sono conservati sia in un archivio cartaceo, sia nella banca dati elettronica preposta. I dati personali contenuti nel predetto sistema informativo automatizzato, nonch\u00e9 quelli custoditi presso gli archivi del Titolare, sono trattati conformemente a quanto disposto dalla normativa vigente e dal regolamento UE 2016\/679 in materia di misure di sicurezza, in modo da ridurne al minimo i rischi di distruzione o perdita, di accesso non autorizzato o di trattamento non conforme alle finalit\u00e0 della raccolta.<\/span><\/span><\/p>\n<p align=\"justify\"><span style=\"font-size: medium;\"><span style=\"color: #333333;\">I dati personali, inoltre, vengono conservati per il tempo necessario al raggiungimento delle finalit\u00e0 sopra indicate, nonch\u00e9 per adempiere agli obblighi di legge imposti per le medesime finalit\u00e0.<\/span><\/span><\/p>\n<p><span style=\"font-size: medium;\"><span style=\"color: #333333;\"><b>Tipologia di dati personali trattati<\/b><\/span><\/span><\/p>\n<p align=\"justify\"><span style=\"color: #333333;\">Zenith<\/span><span style=\"color: #333333;\"> <span style=\"font-size: medium;\">tratta i dati personali che Lei ha spontaneamente inserito sul ns. sito web o inviati ad <\/span>Zenith mezzo e-mail, (quali, in particolare, dati anagrafici, recapiti, numeri di telefono e\/o fax, indirizzi e-mail, ecc.), nonch\u00e9 dati di natura tecnica autonomamente generati (in particolare, indirizzi IP, file di log relativi alla navigazione sul Sito).<\/span><\/p>\n<p><span style=\"font-size: medium;\"><span style=\"color: #333333;\"><b>Conferimento dei dati e consenso al relativo trattamento \u2013 Conseguenze in caso di mancato conferimento.<\/b><\/span><\/span><\/p>\n<p align=\"justify\"><span style=\"font-size: medium;\"><span style=\"color: #333333;\">Il conferimento dei dati per le finalit\u00e0 sopra indicate e\u0300 necessario e, pertanto, il mancato conferimento dei dati personali in questione comporter\u00e0 l\u2019impossibilita\u0300 per l\u2019Utente di iscriversi alla ns. newsletter o abbonarsi alla nostra Rivista. Per le finalit\u00e0 di gestione amministrativa, contabile e fiscale, Il consenso al trattamento dei dati personali non e\u0300 richiesto, in particolare, ai sensi dell\u2019art. 6 del regolamento UE 2016\/679 e della normativa vigente.<\/span><\/span><\/p>\n<p><span style=\"font-size: medium;\"><span style=\"color: #333333;\"><b>Diritto di opporsi al trattamento dei dati<\/b><\/span><\/span><\/p>\n<p><span style=\"font-size: medium;\"><span style=\"color: #333333;\">L\u2019Utente potr\u00e0 opporsi al trattamento contattando <\/span><span style=\"color: #333333;\">Zenith<\/span><span style=\"color: #333333;\">\u00a0all\u2019indirizzo <\/span><span style=\"color: #333333;\">privacy@cooperativazenith.it.\u00a0<\/span><span style=\"color: #333333;\">L\u2019Utente potr\u00e0, sempre, opporsi all&#8217;invio delle nostre newsletter anche tramite apposito link presente in calce a qualsiasi e-mail che inviamo.<\/span><\/span><\/p>\n<p><span style=\"font-size: medium;\"><span style=\"color: #333333;\"><b>Ambito di comunicazione dei dati<\/b><\/span><\/span><\/p>\n<p><span style=\"font-size: medium;\"><span style=\"color: #333333;\">I suoi dati non verranno comunicati a soggetti terzi, ne diffusi, tuttavia potranno essere conosciuti dai collaboratori di <\/span><span style=\"color: #333333;\">Zenith<\/span><span style=\"color: #333333;\"> nella loro funzione di responsabili o incaricati<\/span><\/span><\/p>\n<p><span style=\"font-size: medium;\"><span style=\"color: #333333;\"><b>Diritti degli interessati<\/b><\/span><\/span><\/p>\n<p><span style=\"font-size: medium;\"><span style=\"color: #333333;\">Ai sensi degli artt. 15 e ss. del RGPD e della normativa vigente, l\u2019Utente ha diritto, oltre che di proporre reclamo al Garante per la protezione dei dati personali, di:<\/span><\/span><\/p>\n<ol>\n<li>\n<p align=\"justify\"><span style=\"font-size: medium;\"><span style=\"color: #333333;\">ottenere la conferma dell\u2019esistenza o meno di dati personali che lo riguardano e la loro comunicazione in forma intellegibile, ricevendoli in un formato strutturato, di uso comune e leggibile;<\/span><\/span><\/p>\n<\/li>\n<li>\n<p align=\"justify\"><span style=\"font-size: medium;\"><span style=\"color: #333333;\">ottenere indicazioni:<\/span><\/span><\/p>\n<ol>\n<li>\n<p align=\"justify\"><span style=\"font-size: medium;\"><span style=\"color: #333333;\">sull\u2019origine dei dati personali, sulle finalit\u00e0 e sulle modalit\u00e0 del trattamento, sulla logica applicata in caso di trattamento effettuato con l\u2019ausilio di strumenti elettronici;<\/span><\/span><\/p>\n<\/li>\n<li>\n<p align=\"justify\"><span style=\"font-size: medium;\"><span style=\"color: #333333;\">sugli estremi identificativi del Titolare del trattamento, del\/i Responsabile\/i del trattamento e del Responsabile della Protezione dei dati;<\/span><\/span><\/p>\n<\/li>\n<li>\n<p align=\"justify\"><span style=\"font-size: medium;\"><span style=\"color: #333333;\">sui soggetti o le categorie di soggetti a cui i dati possono essere comunicati o che possono venire a conoscenza degli stessi in qualit\u00e0 di rappresentante designato sul territorio dello Stato, di responsabili o incaricati.<\/span><\/span><\/p>\n<\/li>\n<\/ol>\n<\/li>\n<li>\n<p align=\"justify\"><span style=\"font-size: medium;\"><span style=\"color: #333333;\">ottenere:<\/span><\/span><\/p>\n<ol>\n<li>\n<p align=\"justify\"><span style=\"font-size: medium;\"><span style=\"color: #333333;\">l\u2019aggiornamento, la rettificazione o l\u2019integrazione dei dati che lo riguardano o, in caso di contestazione circa la correttezza dei dati, la limitazione del trattamento degli stessi per il tempo necessario alle opportune verifiche,<\/span><\/span><\/p>\n<\/li>\n<li>\n<p align=\"justify\"><span style=\"font-size: medium;\"><span style=\"color: #333333;\">la trasformazione in forma anonima o il blocco dei dati trattati in violazione di legge,<\/span><\/span><\/p>\n<\/li>\n<li>\n<p align=\"justify\"><span style=\"font-size: medium;\"><span style=\"color: #333333;\">l\u2019attestazione del fatto che le operazioni di cui ai punti che precedono sono state portate a conoscenza anche per quanto riguarda il loro contenuto, di coloro ai quali i dati sono stati comunicati o diffusi, salvo il caso in cui tale adempimento risulti impossibile o comporti l\u2019impiego di mezzi manifestamente sproporzionati rispetto al diritto tutelato.<\/span><\/span><\/p>\n<\/li>\n<\/ol>\n<\/li>\n<li>\n<p align=\"justify\"><span style=\"font-size: medium;\"><span style=\"color: #333333;\">opporsi, in tutto o in parte<\/span><\/span><\/p>\n<ol>\n<li>\n<p align=\"justify\"><span style=\"font-size: medium;\"><span style=\"color: #333333;\">per motivi legittimi, al trattamento dei dati che lo riguardano, ancorch\u00e9 pertinenti allo scopo della raccolta,\u00a0<\/span><\/span><\/p>\n<ol>\n<li style=\"list-style-type: none;\">\n<ol>\n<li>\n<p align=\"justify\"><span style=\"font-size: medium;\"><span style=\"color: #333333;\">al trattamento dei dati personali che lo riguardano, previsto ai fini di informazione commerciale o di invio di materiale pubblicitario o di vendita diretta ovvero per il compimento di ricerche di mercato o di comunicazione commerciale.<\/span><\/span><\/p>\n<\/li>\n<\/ol>\n<\/li>\n<li>\n<p align=\"justify\"><span style=\"font-size: medium;\"><span style=\"color: #333333;\">ottenere la cancellazione senza ingiustificato ritardo (\u201cDiritto all\u2019oblio\u201d) nel caso in cui i dati non siano piu\u0300 necessari rispetto alle finalit\u00e0 per le quali sono stati raccolti o altrimenti trattati, siano stati trattati illecitamente o nel caso in cui l\u2019Utente<\/span><\/span><\/p>\n<ol>\n<li>\n<p align=\"justify\"><span style=\"font-size: medium;\"><span style=\"color: #333333;\">lo richieda,<\/span><\/span><\/p>\n<\/li>\n<li>\n<p align=\"justify\"><span style=\"font-size: medium;\"><span style=\"color: #333333;\">revochi il consenso prestato<\/span><\/span><\/p>\n<\/li>\n<li>\n<p align=\"justify\"><span style=\"font-size: medium;\"><span style=\"color: #333333;\">si opponga in tutto o in parte al trattamento.<\/span><\/span><\/p>\n<\/li>\n<\/ol>\n<\/li>\n<li>\n<p align=\"justify\"><span style=\"font-size: medium;\"><span style=\"color: #333333;\">ottenere la limitazione del trattamento nel caso in cui i dati<\/span><\/span><\/p>\n<ol>\n<li>\n<p align=\"justify\"><span style=\"font-size: medium;\"><span style=\"color: #333333;\">siano trattati illecitamente ma l\u2019Utente si opponga alla cancellazione degli stessi,<\/span><\/span><\/p>\n<\/li>\n<li>\n<p align=\"justify\"><span style=\"font-size: medium;\"><span style=\"color: #333333;\">siano necessari all\u2019Utente per l\u2019accertamento, l\u2019esercizio o la difesa di un diritto,<\/span><\/span><\/p>\n<\/li>\n<li>\n<p align=\"justify\"><span style=\"font-size: medium;\"><span style=\"color: #333333;\">sia pendente una valutazione circa i legittimi motivi di trattamento da parte del Titolare.<\/span><\/span><\/p>\n<\/li>\n<\/ol>\n<\/li>\n<li>\n<p align=\"justify\"><span style=\"font-size: medium;\"><span style=\"color: #333333;\">Fanno eccezione i dati per i quali la conservazione delle informazioni originali \u00e8 prescritta per legge o per direttive esplicite vincolanti della Pubblica Amministrazione. In tutti questi casi gli Utenti saranno preventivamente informati della conservazione e immutabilit\u00e0 dei dati forniti.<\/span><\/span><\/p>\n<\/li>\n<\/ol>\n<p>&nbsp;<\/p>\n<p><a name=\"_GoBack\"><\/a> <span style=\"font-size: medium;\"><span style=\"color: #333333;\">I diritti di cui sopra potranno essere esercitati con richiesta al Titolare del trattamento, all\u2019indirizzo e-mail <\/span><span style=\"color: #333333;\">privacy@cooperativazenith.it<\/span><\/span><\/p>\n<p>&nbsp;<\/li>\n<\/ol>\n<\/li>\n<\/ol>\n[\/vc_column_text][\/vc_column][\/vc_row][vc_row][vc_column][\/vc_column][\/vc_row]\n<\/div>","protected":false},"excerpt":{"rendered":"<p>[vc_row][vc_column][vc_custom_heading text=&#8221;Regolamento Generale sulla Protezione dei Dati &#8211; Regolamento UE 2016\/679 &#8211; General Data Protection Regulation o \u201cGDPR\u201d&#8221; font_container=&#8221;tag:h2|text_align:center|color:%23ff7900&#8243; google_fonts=&#8221;font_family:Montserrat%3Aregular%2C700|font_style:400%20regular%3A400%3Anormal&#8221;][vc_custom_heading text=&#8221;Informativa sul trattamento dei dati&#8221; font_container=&#8221;tag:h2|text_align:center|color:%23b2b2b2&#8243; google_fonts=&#8221;font_family:Montserrat%3Aregular%2C700|font_style:400%20regular%3A400%3Anormal&#8221;][vc_empty_space height=&#8221;50px&#8221;][vc_column_text css=&#8221;.vc_custom_1545044600596{margin-bottom: 0px !important;}&#8221;] Zenith S.C.S (sede legale in corso Francia 291 Torino, p.IVA 07175390017),\u00a0titolare del trattamento dei dati (di seguito Zenith), ha redatto, in modo semplice e [&hellip;]<\/p>\n","protected":false},"author":2,"featured_media":0,"parent":0,"menu_order":0,"comment_status":"closed","ping_status":"closed","template":"","meta":{"give_campaign_id":0,"om_disable_all_campaigns":false,"_uf_show_specific_survey":0,"_uf_disable_surveys":false,"footnotes":""},"class_list":["post-516","page","type-page","status-publish","hentry"],"campaignId":"","_links":{"self":[{"href":"https:\/\/www.cooperativazenith.it\/index.php\/wp-json\/wp\/v2\/pages\/516","targetHints":{"allow":["GET"]}}],"collection":[{"href":"https:\/\/www.cooperativazenith.it\/index.php\/wp-json\/wp\/v2\/pages"}],"about":[{"href":"https:\/\/www.cooperativazenith.it\/index.php\/wp-json\/wp\/v2\/types\/page"}],"author":[{"embeddable":true,"href":"https:\/\/www.cooperativazenith.it\/index.php\/wp-json\/wp\/v2\/users\/2"}],"replies":[{"embeddable":true,"href":"https:\/\/www.cooperativazenith.it\/index.php\/wp-json\/wp\/v2\/comments?post=516"}],"version-history":[{"count":7,"href":"https:\/\/www.cooperativazenith.it\/index.php\/wp-json\/wp\/v2\/pages\/516\/revisions"}],"predecessor-version":[{"id":4303,"href":"https:\/\/www.cooperativazenith.it\/index.php\/wp-json\/wp\/v2\/pages\/516\/revisions\/4303"}],"wp:attachment":[{"href":"https:\/\/www.cooperativazenith.it\/index.php\/wp-json\/wp\/v2\/media?parent=516"}],"curies":[{"name":"wp","href":"https:\/\/api.w.org\/{rel}","templated":true}]}}