{"id":3137,"date":"2018-02-06T08:32:37","date_gmt":"2018-02-06T08:32:37","guid":{"rendered":"https:\/\/www.cooperativazenith.it\/?page_id=3137"},"modified":"2026-05-07T10:03:27","modified_gmt":"2026-05-07T10:03:27","slug":"disabilita","status":"publish","type":"page","link":"https:\/\/www.cooperativazenith.it\/index.php\/disabilita\/","title":{"rendered":"Disabilit\u00e0"},"content":{"rendered":"<div class=\"wpb-content-wrapper\">[vc_row fullwidth=&#8221;true&#8221; visibility=&#8221;hidden-sm&#8221; css=&#8221;.vc_custom_1555578502312{margin-top: -60px !important;}&#8221;][vc_column][vc_column_text css=&#8221;.vc_custom_1542638413886{margin-bottom: 0px !important;}&#8221;]<script type=\"text\/javascript\">jQuery(function() { _initLayerSlider( '#layerslider_55_13x8r47z0d2im', {sliderVersion: '7.14.1', responsiveUnder: 0, layersContainer: 0, allowFullscreen: true, slideBGSize: 'auto', hideUnder: 0, hideOver: 100000, pauseOnHover: 1, skin: 'v5', sliderFadeInDuration: 350, useSrcset: true, skinsPath: 'https:\/\/www.cooperativazenith.it\/wp-content\/plugins\/LayerSlider\/assets\/static\/layerslider\/skins\/', performanceMode: true}); });<\/script><div id=\"layerslider_55_13x8r47z0d2im\"  class=\"ls-wp-container fitvidsignore ls-selectable\" style=\"width:1024px;height:250px;margin:0 auto;margin-bottom: 0px;\"><div class=\"ls-slide\" ><img loading=\"lazy\" decoding=\"async\" width=\"1024\" height=\"250\" src=\"https:\/\/www.cooperativazenith.it\/wp-content\/uploads\/2025\/04\/disab-intest.jpg\" class=\"ls-bg\" alt=\"\" srcset=\"https:\/\/www.cooperativazenith.it\/wp-content\/uploads\/2025\/04\/disab-intest.jpg 1024w, https:\/\/www.cooperativazenith.it\/wp-content\/uploads\/2025\/04\/disab-intest-300x73.jpg 300w, https:\/\/www.cooperativazenith.it\/wp-content\/uploads\/2025\/04\/disab-intest-768x188.jpg 768w\" sizes=\"auto, (max-width: 1024px) 100vw, 1024px\" itemprop=\"image\" \/><\/div><\/div>[\/vc_column_text][vc_empty_space height=&#8221;50px&#8221;][\/vc_column][\/vc_row][vc_row fullwidth=&#8221;true&#8221; visibility=&#8221;visible-sm&#8221; css=&#8221;.vc_custom_1555578512359{margin-top: -25px !important;}&#8221;][vc_column][vc_column_text css=&#8221;.vc_custom_1542638413886{margin-bottom: 0px !important;}&#8221;]<script type=\"text\/javascript\">jQuery(function() { _initLayerSlider( '#layerslider_55_mr4t1w4dxvpf', {sliderVersion: '7.14.1', responsiveUnder: 0, layersContainer: 0, allowFullscreen: true, slideBGSize: 'auto', hideUnder: 0, hideOver: 100000, pauseOnHover: 1, skin: 'v5', sliderFadeInDuration: 350, useSrcset: true, skinsPath: 'https:\/\/www.cooperativazenith.it\/wp-content\/plugins\/LayerSlider\/assets\/static\/layerslider\/skins\/', performanceMode: true}); });<\/script><div id=\"layerslider_55_mr4t1w4dxvpf\"  class=\"ls-wp-container fitvidsignore ls-selectable\" style=\"width:1024px;height:250px;margin:0 auto;margin-bottom: 0px;\"><div class=\"ls-slide\" ><img loading=\"lazy\" decoding=\"async\" width=\"1024\" height=\"250\" src=\"https:\/\/www.cooperativazenith.it\/wp-content\/uploads\/2025\/04\/disab-intest.jpg\" class=\"ls-bg\" alt=\"\" srcset=\"https:\/\/www.cooperativazenith.it\/wp-content\/uploads\/2025\/04\/disab-intest.jpg 1024w, https:\/\/www.cooperativazenith.it\/wp-content\/uploads\/2025\/04\/disab-intest-300x73.jpg 300w, https:\/\/www.cooperativazenith.it\/wp-content\/uploads\/2025\/04\/disab-intest-768x188.jpg 768w\" sizes=\"auto, (max-width: 1024px) 100vw, 1024px\" itemprop=\"image\" \/><\/div><\/div>[\/vc_column_text][vc_empty_space height=&#8221;50px&#8221;][\/vc_column][\/vc_row][vc_row visibility=&#8221;hidden-sm&#8221;][vc_column width=&#8221;1\/4&#8243;][vc_custom_heading text=&#8221;Disabilit\u00e0&#8221; google_fonts=&#8221;font_family:Montserrat%3Aregular%2C700|font_style:400%20regular%3A400%3Anormal&#8221;][vc_empty_space height=&#8221;15px&#8221;][vc_column_text]<span style=\"color: #ff6600;\">Zenith<\/span> <span style=\"color: #000000;\">&#8211; in regime di Accreditamento con la Citt\u00e0 di Torino &#8211; gestisce servizi residenziali e semi-residenziali rivolti a persone con disabilit\u00e0 intellettiva. A questi servizi si integra un&#8217;ampia offerta di attivit\u00e0 ricreative e socializzanti.<\/span><\/p>\n<p><span style=\"color: #000000;\">L\u2019insieme di questi servizi offre ai suoi utenti una solida rete di relazioni e di riferimenti per la vita quotidiana. Si tratta di una risorsa indispensabile per creare\u00a0occasioni di scambio, di confronto e di crescita personale.<\/span>[\/vc_column_text][vc_empty_space height=&#8221;30px&#8221;][\/vc_column][vc_column width=&#8221;1\/4&#8243;][vc_empty_space height=&#8221;30px&#8221;][vc_single_image image=&#8221;12346&#8243; img_size=&#8221;500&#215;230&#8243; alignment=&#8221;center&#8221; onclick=&#8221;custom_link&#8221; css=&#8221;.vc_custom_1743427716132{margin-bottom: 30px !important;}&#8221; image_hovers=&#8221;false&#8221; link=&#8221;https:\/\/www.cooperativazenith.it\/index.php\/iniziative-per-il-tempo-libero-per-soggetti-con-disabilita\/&#8221;][vc_column_text css=&#8221;.vc_custom_1743427731462{margin-top: -20px !important;margin-bottom: 0px !important;}&#8221;]<a href=\"https:\/\/www.cooperativazenith.it\/index.php\/iniziative-per-il-tempo-libero-per-soggetti-con-disabilita\/\">Iniziative per il tempo libero<\/a>[\/vc_column_text][vc_single_image image=&#8221;14614&#8243; img_size=&#8221;500&#215;230&#8243; alignment=&#8221;center&#8221; onclick=&#8221;custom_link&#8221; css=&#8221;.vc_custom_1778148106766{margin-bottom: 30px !important;}&#8221; image_hovers=&#8221;false&#8221; link=&#8221;https:\/\/www.cooperativazenith.it\/index.php\/soggiorni-2026\/&#8221;][vc_column_text css=&#8221;.vc_custom_1778147906052{margin-top: -20px !important;margin-bottom: 0px !important;}&#8221;]<a href=\"https:\/\/www.cooperativazenith.it\/index.php\/soggiorni-2025\/\">Soggiorni marini 2026<\/a>[\/vc_column_text][\/vc_column][vc_column width=&#8221;1\/4&#8243;][vc_empty_space height=&#8221;30px&#8221;][vc_single_image image=&#8221;12349&#8243; img_size=&#8221;500&#215;230&#8243; alignment=&#8221;center&#8221; onclick=&#8221;custom_link&#8221; css=&#8221;.vc_custom_1750666704720{margin-bottom: 30px !important;}&#8221; image_hovers=&#8221;false&#8221; link=&#8221;https:\/\/www.cooperativazenith.it\/index.php\/a-casa-si-puo-2-0\/&#8221;][vc_column_text css=&#8221;.vc_custom_1750666904086{margin-top: -20px !important;margin-bottom: 0px !important;}&#8221;]<a href=\"https:\/\/www.cooperativazenith.it\/index.php\/a-casa-si-puo-2-0\/\">A Casa si Pu\u00f2 2.0<\/a>[\/vc_column_text][vc_single_image image=&#8221;12348&#8243; img_size=&#8221;500&#215;230&#8243; alignment=&#8221;center&#8221; onclick=&#8221;custom_link&#8221; css=&#8221;.vc_custom_1743427722564{margin-bottom: 30px !important;}&#8221; image_hovers=&#8221;false&#8221; link=&#8221;https:\/\/www.cooperativazenith.it\/index.php\/servizi-di-autonomia-supporto-alla-autonomia\/&#8221;][vc_column_text css=&#8221;.vc_custom_1743427738123{margin-top: -20px !important;margin-bottom: 0px !important;}&#8221;]<a href=\"https:\/\/www.cooperativazenith.it\/index.php\/servizi-di-autonomia-supporto-alla-autonomia\/\">Servizi di autonomia\/supporto all&#8217;autonomia<\/a>[\/vc_column_text][\/vc_column][vc_column width=&#8221;1\/4&#8243;][vc_cta h2=&#8221;Aiutaci a prenderci cura di chi \u00e8 pi\u00f9 fragile!&#8221; h2_font_container=&#8221;tag:h3|font_size:24px|text_align:left|color:%23dd3333&#8243; h2_google_fonts=&#8221;font_family:Montserrat%3Aregular%2C700|font_style:400%20regular%3A400%3Anormal&#8221; shape=&#8221;square&#8221; style=&#8221;flat&#8221; add_button=&#8221;bottom&#8221; btn_title=&#8221;SCOPRI DI PI\u00d9!&#8221; btn_style=&#8221;flat&#8221; btn_shape=&#8221;square&#8221; btn_color=&#8221;danger&#8221; btn_size=&#8221;lg&#8221; btn_align=&#8221;center&#8221; use_custom_fonts_h2=&#8221;true&#8221; btn_button_block=&#8221;true&#8221; btn_link=&#8221;url:https%3A%2F%2Fwww.cooperativazenith.it%2Findex.php%2Fsostienici%2F|||&#8221;]Con il tuo contributo diventerai protagonista dei progetti e degli interventi che dedichiamo agli anziani fragili e alle persone in difficolt\u00e0 socioeconomica della nostra citt\u00e0.[\/vc_cta][\/vc_column][\/vc_row][vc_row visibility=&#8221;visible-sm&#8221;][vc_column width=&#8221;1\/4&#8243;][vc_custom_heading text=&#8221;Disabilit\u00e0&#8221; google_fonts=&#8221;font_family:Montserrat%3Aregular%2C700|font_style:400%20regular%3A400%3Anormal&#8221;][vc_empty_space height=&#8221;15px&#8221;][vc_column_text]<span style=\"color: #ff6600;\">Zenith<\/span> <span style=\"color: #000000;\">&#8211; in regime di Accreditamento con la Citt\u00e0 di Torino &#8211; gestisce servizi residenziali e semi-residenziali rivolti a persone con disabilit\u00e0 intellettiva. A questi servizi si integra un&#8217;ampia offerta di attivit\u00e0 ricreative e socializzanti.<\/span><\/p>\n<p><span style=\"color: #000000;\">L\u2019insieme di questi servizi offre ai suoi utenti una solida rete di relazioni e di riferimenti per la vita quotidiana. Si tratta di una risorsa indispensabile per creare\u00a0occasioni di scambio, di confronto e di crescita personale.<\/span>[\/vc_column_text][vc_empty_space height=&#8221;30px&#8221;][\/vc_column][vc_column width=&#8221;1\/4&#8243;][vc_single_image image=&#8221;12346&#8243; img_size=&#8221;500&#215;230&#8243; alignment=&#8221;center&#8221; onclick=&#8221;custom_link&#8221; css=&#8221;.vc_custom_1743427716132{margin-bottom: 30px !important;}&#8221; image_hovers=&#8221;false&#8221; link=&#8221;https:\/\/www.cooperativazenith.it\/index.php\/iniziative-per-il-tempo-libero-per-soggetti-con-disabilita\/&#8221;][vc_column_text css=&#8221;.vc_custom_1743427731462{margin-top: -20px !important;margin-bottom: 0px !important;}&#8221;]<a href=\"https:\/\/www.cooperativazenith.it\/index.php\/iniziative-per-il-tempo-libero-per-soggetti-con-disabilita\/\">Iniziative per il tempo libero<\/a>[\/vc_column_text][vc_single_image image=&#8221;14614&#8243; img_size=&#8221;500&#215;230&#8243; alignment=&#8221;center&#8221; onclick=&#8221;custom_link&#8221; css=&#8221;.vc_custom_1778148119811{margin-bottom: 30px !important;}&#8221; image_hovers=&#8221;false&#8221; link=&#8221;https:\/\/www.cooperativazenith.it\/index.php\/soggiorni-2026\/&#8221;][vc_column_text css=&#8221;.vc_custom_1778147917750{margin-top: -20px !important;margin-bottom: 0px !important;}&#8221;]<a href=\"https:\/\/www.cooperativazenith.it\/index.php\/soggiorni-2025\/\">Soggiorni marini 2026<\/a>[\/vc_column_text][\/vc_column][vc_column width=&#8221;1\/4&#8243;][vc_single_image image=&#8221;12349&#8243; img_size=&#8221;500&#215;230&#8243; alignment=&#8221;center&#8221; onclick=&#8221;custom_link&#8221; css=&#8221;.vc_custom_1750666748415{margin-bottom: 30px !important;}&#8221; image_hovers=&#8221;false&#8221; link=&#8221;https:\/\/www.cooperativazenith.it\/index.php\/a-casa-si-puo-2-0\/&#8221;][vc_column_text css=&#8221;.vc_custom_1750666919171{margin-top: -20px !important;margin-bottom: 0px !important;}&#8221;]<a href=\"https:\/\/www.cooperativazenith.it\/index.php\/a-casa-si-puo-2-0\/\">A Casa si Pu\u00f2 2.0<\/a>[\/vc_column_text][vc_single_image image=&#8221;12348&#8243; img_size=&#8221;500&#215;230&#8243; alignment=&#8221;center&#8221; onclick=&#8221;custom_link&#8221; css=&#8221;.vc_custom_1743427722564{margin-bottom: 30px !important;}&#8221; image_hovers=&#8221;false&#8221; link=&#8221;https:\/\/www.cooperativazenith.it\/index.php\/servizi-di-autonomia-supporto-alla-autonomia\/&#8221;][vc_column_text css=&#8221;.vc_custom_1743427738123{margin-top: -20px !important;margin-bottom: 0px !important;}&#8221;]<a href=\"https:\/\/www.cooperativazenith.it\/index.php\/servizi-di-autonomia-supporto-alla-autonomia\/\">Servizi di autonomia\/supporto all&#8217;autonomia<\/a>[\/vc_column_text][vc_empty_space height=&#8221;30px&#8221;][\/vc_column][vc_column width=&#8221;1\/4&#8243;][vc_cta h2=&#8221;Aiutaci a prenderci cura di chi \u00e8 pi\u00f9 fragile!&#8221; h2_font_container=&#8221;tag:h3|font_size:24px|text_align:left|color:%23dd3333&#8243; h2_google_fonts=&#8221;font_family:Montserrat%3Aregular%2C700|font_style:400%20regular%3A400%3Anormal&#8221; shape=&#8221;square&#8221; style=&#8221;flat&#8221; add_button=&#8221;bottom&#8221; btn_title=&#8221;SCOPRI DI PI\u00d9!&#8221; btn_style=&#8221;flat&#8221; btn_shape=&#8221;square&#8221; btn_color=&#8221;danger&#8221; btn_size=&#8221;lg&#8221; btn_align=&#8221;center&#8221; use_custom_fonts_h2=&#8221;true&#8221; btn_button_block=&#8221;true&#8221; btn_link=&#8221;url:https%3A%2F%2Fwww.cooperativazenith.it%2Findex.php%2Fsostienici%2F|||&#8221;]Con il tuo contributo diventerai protagonista dei progetti e degli interventi che dedichiamo agli anziani fragili e alle persone in difficolt\u00e0 socioeconomica della nostra citt\u00e0.[\/vc_cta][\/vc_column][\/vc_row]\n<\/div>","protected":false},"excerpt":{"rendered":"<p>[vc_row fullwidth=&#8221;true&#8221; visibility=&#8221;hidden-sm&#8221; css=&#8221;.vc_custom_1555578502312{margin-top: -60px !important;}&#8221;][vc_column][vc_column_text css=&#8221;.vc_custom_1542638413886{margin-bottom: 0px !important;}&#8221;][\/vc_column_text][vc_empty_space height=&#8221;50px&#8221;][\/vc_column][\/vc_row][vc_row fullwidth=&#8221;true&#8221; visibility=&#8221;visible-sm&#8221; css=&#8221;.vc_custom_1555578512359{margin-top: -25px !important;}&#8221;][vc_column][vc_column_text css=&#8221;.vc_custom_1542638413886{margin-bottom: 0px !important;}&#8221;][\/vc_column_text][vc_empty_space height=&#8221;50px&#8221;][\/vc_column][\/vc_row][vc_row visibility=&#8221;hidden-sm&#8221;][vc_column width=&#8221;1\/4&#8243;][vc_custom_heading text=&#8221;Disabilit\u00e0&#8221; google_fonts=&#8221;font_family:Montserrat%3Aregular%2C700|font_style:400%20regular%3A400%3Anormal&#8221;][vc_empty_space height=&#8221;15px&#8221;][vc_column_text]Zenith &#8211; in regime di Accreditamento con la Citt\u00e0 di Torino &#8211; gestisce servizi residenziali e semi-residenziali rivolti a persone con disabilit\u00e0 intellettiva. A questi servizi si integra un&#8217;ampia offerta di attivit\u00e0 [&hellip;]<\/p>\n","protected":false},"author":3,"featured_media":0,"parent":0,"menu_order":0,"comment_status":"closed","ping_status":"closed","template":"","meta":{"give_campaign_id":0,"om_disable_all_campaigns":false,"_uf_show_specific_survey":0,"_uf_disable_surveys":false,"footnotes":""},"class_list":["post-3137","page","type-page","status-publish","hentry"],"campaignId":"","_links":{"self":[{"href":"https:\/\/www.cooperativazenith.it\/index.php\/wp-json\/wp\/v2\/pages\/3137","targetHints":{"allow":["GET"]}}],"collection":[{"href":"https:\/\/www.cooperativazenith.it\/index.php\/wp-json\/wp\/v2\/pages"}],"about":[{"href":"https:\/\/www.cooperativazenith.it\/index.php\/wp-json\/wp\/v2\/types\/page"}],"author":[{"embeddable":true,"href":"https:\/\/www.cooperativazenith.it\/index.php\/wp-json\/wp\/v2\/users\/3"}],"replies":[{"embeddable":true,"href":"https:\/\/www.cooperativazenith.it\/index.php\/wp-json\/wp\/v2\/comments?post=3137"}],"version-history":[{"count":25,"href":"https:\/\/www.cooperativazenith.it\/index.php\/wp-json\/wp\/v2\/pages\/3137\/revisions"}],"predecessor-version":[{"id":14616,"href":"https:\/\/www.cooperativazenith.it\/index.php\/wp-json\/wp\/v2\/pages\/3137\/revisions\/14616"}],"wp:attachment":[{"href":"https:\/\/www.cooperativazenith.it\/index.php\/wp-json\/wp\/v2\/media?parent=3137"}],"curies":[{"name":"wp","href":"https:\/\/api.w.org\/{rel}","templated":true}]}}