{"id":2695,"date":"2017-11-28T11:20:07","date_gmt":"2017-11-28T11:20:07","guid":{"rendered":"https:\/\/www.cooperativazenith.it\/?page_id=2695"},"modified":"2024-07-22T14:12:51","modified_gmt":"2024-07-22T14:12:51","slug":"diventa-volontario-zenith","status":"publish","type":"page","link":"https:\/\/www.cooperativazenith.it\/index.php\/diventa-volontario-zenith\/","title":{"rendered":"Diventa volontario Zenith!"},"content":{"rendered":"<div class=\"wpb-content-wrapper\">[vc_row fullwidth=&#8221;true&#8221; visibility=&#8221;hidden-sm&#8221; css=&#8221;.vc_custom_1555579899847{margin-top: -60px !important;}&#8221;][vc_column][vc_column_text css=&#8221;.vc_custom_1542707673344{margin-bottom: 0px !important;}&#8221;]<script type=\"text\/javascript\">jQuery(function() { _initLayerSlider( '#layerslider_46_14dk26u7p0frv', {sliderVersion: '7.14.1', responsiveUnder: 0, layersContainer: 0, allowFullscreen: true, slideBGSize: 'auto', hideUnder: 0, hideOver: 100000, pauseOnHover: 1, skin: 'v5', sliderFadeInDuration: 350, useSrcset: true, skinsPath: 'https:\/\/www.cooperativazenith.it\/wp-content\/plugins\/LayerSlider\/assets\/static\/layerslider\/skins\/', performanceMode: true}); });<\/script><div id=\"layerslider_46_14dk26u7p0frv\"  class=\"ls-wp-container fitvidsignore ls-selectable\" style=\"width:1024px;height:250px;margin:0 auto;margin-bottom: 0px;\"><div class=\"ls-slide\" ><img loading=\"lazy\" decoding=\"async\" width=\"1024\" height=\"250\" src=\"https:\/\/www.cooperativazenith.it\/wp-content\/uploads\/2025\/04\/volontari-intest.jpg\" class=\"ls-bg\" alt=\"\" srcset=\"https:\/\/www.cooperativazenith.it\/wp-content\/uploads\/2025\/04\/volontari-intest.jpg 1024w, https:\/\/www.cooperativazenith.it\/wp-content\/uploads\/2025\/04\/volontari-intest-300x73.jpg 300w, https:\/\/www.cooperativazenith.it\/wp-content\/uploads\/2025\/04\/volontari-intest-768x188.jpg 768w\" sizes=\"auto, (max-width: 1024px) 100vw, 1024px\" itemprop=\"image\" \/><\/div><\/div>[\/vc_column_text][vc_empty_space height=&#8221;50px&#8221;][\/vc_column][\/vc_row][vc_row fullwidth=&#8221;true&#8221; visibility=&#8221;visible-sm&#8221; css=&#8221;.vc_custom_1555579909983{margin-top: -25px !important;}&#8221;][vc_column][vc_column_text css=&#8221;.vc_custom_1542707673344{margin-bottom: 0px !important;}&#8221;]<script type=\"text\/javascript\">jQuery(function() { _initLayerSlider( '#layerslider_46_qiro4f4vp1re', {sliderVersion: '7.14.1', responsiveUnder: 0, layersContainer: 0, allowFullscreen: true, slideBGSize: 'auto', hideUnder: 0, hideOver: 100000, pauseOnHover: 1, skin: 'v5', sliderFadeInDuration: 350, useSrcset: true, skinsPath: 'https:\/\/www.cooperativazenith.it\/wp-content\/plugins\/LayerSlider\/assets\/static\/layerslider\/skins\/', performanceMode: true}); });<\/script><div id=\"layerslider_46_qiro4f4vp1re\"  class=\"ls-wp-container fitvidsignore ls-selectable\" style=\"width:1024px;height:250px;margin:0 auto;margin-bottom: 0px;\"><div class=\"ls-slide\" ><img loading=\"lazy\" decoding=\"async\" width=\"1024\" height=\"250\" src=\"https:\/\/www.cooperativazenith.it\/wp-content\/uploads\/2025\/04\/volontari-intest.jpg\" class=\"ls-bg\" alt=\"\" srcset=\"https:\/\/www.cooperativazenith.it\/wp-content\/uploads\/2025\/04\/volontari-intest.jpg 1024w, https:\/\/www.cooperativazenith.it\/wp-content\/uploads\/2025\/04\/volontari-intest-300x73.jpg 300w, https:\/\/www.cooperativazenith.it\/wp-content\/uploads\/2025\/04\/volontari-intest-768x188.jpg 768w\" sizes=\"auto, (max-width: 1024px) 100vw, 1024px\" itemprop=\"image\" \/><\/div><\/div>[\/vc_column_text][vc_empty_space height=&#8221;25px&#8221;][\/vc_column][\/vc_row][vc_row][vc_column width=&#8221;1\/3&#8243;][vc_custom_heading text=&#8221;Diventa volontario&#8221; google_fonts=&#8221;font_family:Montserrat%3Aregular%2C700|font_style:400%20regular%3A400%3Anormal&#8221;][vc_custom_heading text=&#8221;Zenith&#8221; font_container=&#8221;tag:h3|font_size:30|text_align:left|color:%23ff7900&#8243; google_fonts=&#8221;font_family:Montserrat%3Aregular%2C700|font_style:400%20regular%3A400%3Anormal&#8221; css=&#8221;.vc_custom_1720707538733{margin-top: -15px !important;}&#8221;][vc_empty_space height=&#8221;30px&#8221;][\/vc_column][vc_column width=&#8221;2\/3&#8243;][vc_column_text css=&#8221;.vc_custom_1659967727763{padding-top: 45px !important;padding-right: 15px !important;padding-bottom: 15px !important;padding-left: 15px !important;background-color: rgba(0,108,191,0.23) !important;*background-color: rgb(0,108,191) !important;}&#8221;]\n<p style=\"text-align: center;\"><span style=\"color: #000000;\">\u201c<span style=\"font-family: 'Leelawadee UI', serif;\"><span style=\"font-size: large;\"><i>Dedico a Zenith alcune ore alla settimana. Ho scelto di dare un aiuto agli anziani in difficolt\u00e0: li accompagno a una visita medica oppure a fare la spesa. Loro mi ringraziano sempre perch\u00e9 dono il mio tempo, ma quello che ricevo io da loro \u00e8 molto di pi\u00f9\u201d.<\/i><\/span><\/span><\/span><\/p>\n<p style=\"text-align: right;\"><span style=\"color: #808080;\">Tommaso, volontario Zenith<\/span><\/p>\n[\/vc_column_text][vc_empty_space height=&#8221;30px&#8221;][vc_column_text css=&#8221;.vc_custom_1518166862954{padding-top: 15px !important;padding-right: 15px !important;padding-bottom: 15px !important;padding-left: 15px !important;background-color: #ededed !important;}&#8221;]<span style=\"color: #000000;\">Donare il proprio tempo agli altri \u00e8 un modo per sentirsi utili e per dare un aiuto concreto a chi \u00e8 in difficolt\u00e0. A seconda delle tue disponibilit\u00e0 e delle tue preferenze, potrai scegliere di aiutare gli anziani, i disabili oppure chi soffre di disagio psichico.<\/span><\/p>\n<p><span style=\"color: #000000;\">Grazie al tuo aiuto, vogliamo creare una rete di protezione e di aiuto intorno a chi \u00e8 pi\u00f9 fragile. Dedicando anche solo poche ore alla settimana, ci aiuterai a prenderci cura di loro e a non farli sentire soli.<\/span>[\/vc_column_text][vc_empty_space height=&#8221;30px&#8221;][vc_column_text css=&#8221;.vc_custom_1721657429552{margin-bottom: 0px !important;}&#8221;]<span style=\"color: #000000;\"><strong>Entra a far parte di Zenith, contiamo sul tuo aiuto.<\/strong><\/span><\/p>\n<p><span style=\"color: #000000;\">Compila il form fornendo una breve descrizione delle tue esperienze o carica il tuo curriculum. I tuoi dati saranno trattati con la massima riservatezza e sarai contattato da un nostro operatore per fissare un incontro conoscitivo. Se preferisci, chiamaci allo 3666711774 o scrivi un Whatsapp allo stesso numero.<\/span>[\/vc_column_text][vc_empty_space height=&#8221;30px&#8221;][vc_custom_heading text=&#8221;Grazie di cuore&#8221; font_container=&#8221;tag:h3|font_size:25|text_align:left|color:%23ff7900&#8243; google_fonts=&#8221;font_family:Montserrat%3Aregular%2C700|font_style:400%20regular%3A400%3Anormal&#8221;][vc_empty_space height=&#8221;30px&#8221;][vc_separator][vc_column_text css=&#8221;.vc_custom_1544625401543{margin-bottom: 0px !important;}&#8221;]\n<p style=\"text-align: center;\">\n<div class=\"wpcf7 no-js\" id=\"wpcf7-f4215-o1\" lang=\"it-IT\" dir=\"ltr\" data-wpcf7-id=\"4215\">\n<div class=\"screen-reader-response\"><p role=\"status\" aria-live=\"polite\" aria-atomic=\"true\"><\/p> <ul><\/ul><\/div>\n<form action=\"\/index.php\/wp-json\/wp\/v2\/pages\/2695#wpcf7-f4215-o1\" method=\"post\" class=\"wpcf7-form init\" aria-label=\"Modulo di contatto\" novalidate=\"novalidate\" data-status=\"init\">\n<fieldset class=\"hidden-fields-container\"><input type=\"hidden\" name=\"_wpcf7\" value=\"4215\" \/><input type=\"hidden\" name=\"_wpcf7_version\" value=\"6.1.5\" \/><input type=\"hidden\" name=\"_wpcf7_locale\" value=\"it_IT\" \/><input type=\"hidden\" name=\"_wpcf7_unit_tag\" value=\"wpcf7-f4215-o1\" \/><input type=\"hidden\" name=\"_wpcf7_container_post\" value=\"0\" \/><input type=\"hidden\" name=\"_wpcf7_posted_data_hash\" value=\"\" \/><input type=\"hidden\" name=\"_wpcf7_recaptcha_response\" value=\"\" \/>\n<\/fieldset>\n<p>Il tuo nome (richiesto)\n<\/p>\n<p><span class=\"wpcf7-form-control-wrap\" data-name=\"your-name\"><input size=\"40\" maxlength=\"400\" class=\"wpcf7-form-control wpcf7-text wpcf7-validates-as-required\" aria-required=\"true\" aria-invalid=\"false\" value=\"\" type=\"text\" name=\"your-name\" \/><\/span>\n<\/p>\n<p>La tua email (richiesto)\n<\/p>\n<p><span class=\"wpcf7-form-control-wrap\" data-name=\"your-email\"><input size=\"40\" maxlength=\"400\" class=\"wpcf7-form-control wpcf7-email wpcf7-validates-as-required wpcf7-text wpcf7-validates-as-email\" aria-required=\"true\" aria-invalid=\"false\" value=\"\" type=\"email\" name=\"your-email\" \/><\/span>\n<\/p>\n<p>Il tuo cellulare (richiesto)\n<\/p>\n<p><span class=\"wpcf7-form-control-wrap\" data-name=\"tel-773\"><input size=\"40\" maxlength=\"400\" class=\"wpcf7-form-control wpcf7-tel wpcf7-validates-as-required wpcf7-text wpcf7-validates-as-tel\" aria-required=\"true\" aria-invalid=\"false\" value=\"\" type=\"tel\" name=\"tel-773\" \/><\/span>\n<\/p>\n<p>Oggetto\n<\/p>\n<p><span class=\"wpcf7-form-control-wrap\" data-name=\"your-subject\"><input size=\"40\" maxlength=\"400\" class=\"wpcf7-form-control wpcf7-text wpcf7-validates-as-required\" aria-required=\"true\" aria-invalid=\"false\" value=\"\" type=\"text\" name=\"your-subject\" \/><\/span>\n<\/p>\n<p>Il tuo messaggio\n<\/p>\n<p><span class=\"wpcf7-form-control-wrap\" data-name=\"your-message\"><textarea cols=\"40\" rows=\"10\" maxlength=\"2000\" class=\"wpcf7-form-control wpcf7-textarea wpcf7-validates-as-required\" aria-required=\"true\" aria-invalid=\"false\" name=\"your-message\"><\/textarea><\/span>\n<\/p>\n<p><a href=\"https:\/\/www.cooperativazenith.it\/index.php\/informativa-privacy\/\" target=\"_blank\">Leggi l'informativa sulla privacy<\/a><br \/>\n<span class=\"wpcf7-form-control-wrap\" data-name=\"checkbox-499\"><span class=\"wpcf7-form-control wpcf7-checkbox wpcf7-validates-as-required\"><span class=\"wpcf7-list-item first last\"><input type=\"checkbox\" name=\"checkbox-499[]\" value=\"Ho letto l&#039;informativa privacy e presto il consenso al trattamento dei dati\" \/><span class=\"wpcf7-list-item-label\">Ho letto l&#039;informativa privacy e presto il consenso al trattamento dei dati<\/span><\/span><\/span><\/span>\n<\/p>\n<p><input class=\"wpcf7-form-control wpcf7-submit has-spinner\" type=\"submit\" value=\"Invia\" \/>\n<\/p><p style=\"display: none !important;\" class=\"akismet-fields-container\" data-prefix=\"_wpcf7_ak_\"><label>&#916;<textarea name=\"_wpcf7_ak_hp_textarea\" cols=\"45\" rows=\"8\" maxlength=\"100\"><\/textarea><\/label><input type=\"hidden\" id=\"ak_js_1\" name=\"_wpcf7_ak_js\" value=\"203\"\/><script>document.getElementById( \"ak_js_1\" ).setAttribute( \"value\", ( new Date() ).getTime() );<\/script><\/p><input type='hidden' class='wpcf7-pum' value='{\"closepopup\":false,\"closedelay\":0,\"openpopup\":false,\"openpopup_id\":0}' \/><div class=\"wpcf7-response-output\" aria-hidden=\"true\"><\/div>\n<\/form>\n<\/div>\n\n[\/vc_column_text][vc_empty_space height=&#8221;30px&#8221;][\/vc_column][\/vc_row]\n<\/div>","protected":false},"excerpt":{"rendered":"<p>[vc_row fullwidth=&#8221;true&#8221; visibility=&#8221;hidden-sm&#8221; css=&#8221;.vc_custom_1555579899847{margin-top: -60px !important;}&#8221;][vc_column][vc_column_text css=&#8221;.vc_custom_1542707673344{margin-bottom: 0px !important;}&#8221;][\/vc_column_text][vc_empty_space height=&#8221;50px&#8221;][\/vc_column][\/vc_row][vc_row fullwidth=&#8221;true&#8221; visibility=&#8221;visible-sm&#8221; css=&#8221;.vc_custom_1555579909983{margin-top: -25px !important;}&#8221;][vc_column][vc_column_text css=&#8221;.vc_custom_1542707673344{margin-bottom: 0px !important;}&#8221;][\/vc_column_text][vc_empty_space height=&#8221;25px&#8221;][\/vc_column][\/vc_row][vc_row][vc_column width=&#8221;1\/3&#8243;][vc_custom_heading text=&#8221;Diventa volontario&#8221; google_fonts=&#8221;font_family:Montserrat%3Aregular%2C700|font_style:400%20regular%3A400%3Anormal&#8221;][vc_custom_heading text=&#8221;Zenith&#8221; font_container=&#8221;tag:h3|font_size:30|text_align:left|color:%23ff7900&#8243; google_fonts=&#8221;font_family:Montserrat%3Aregular%2C700|font_style:400%20regular%3A400%3Anormal&#8221; css=&#8221;.vc_custom_1720707538733{margin-top: -15px !important;}&#8221;][vc_empty_space height=&#8221;30px&#8221;][\/vc_column][vc_column width=&#8221;2\/3&#8243;][vc_column_text css=&#8221;.vc_custom_1659967727763{padding-top: 45px !important;padding-right: 15px !important;padding-bottom: 15px !important;padding-left: 15px !important;background-color: rgba(0,108,191,0.23) !important;*background-color: rgb(0,108,191) !important;}&#8221;] \u201cDedico a Zenith alcune ore alla settimana. Ho scelto di dare [&hellip;]<\/p>\n","protected":false},"author":3,"featured_media":0,"parent":0,"menu_order":0,"comment_status":"closed","ping_status":"closed","template":"","meta":{"give_campaign_id":0,"om_disable_all_campaigns":false,"_uf_show_specific_survey":0,"_uf_disable_surveys":false,"footnotes":""},"class_list":["post-2695","page","type-page","status-publish","hentry"],"campaignId":"","_links":{"self":[{"href":"https:\/\/www.cooperativazenith.it\/index.php\/wp-json\/wp\/v2\/pages\/2695","targetHints":{"allow":["GET"]}}],"collection":[{"href":"https:\/\/www.cooperativazenith.it\/index.php\/wp-json\/wp\/v2\/pages"}],"about":[{"href":"https:\/\/www.cooperativazenith.it\/index.php\/wp-json\/wp\/v2\/types\/page"}],"author":[{"embeddable":true,"href":"https:\/\/www.cooperativazenith.it\/index.php\/wp-json\/wp\/v2\/users\/3"}],"replies":[{"embeddable":true,"href":"https:\/\/www.cooperativazenith.it\/index.php\/wp-json\/wp\/v2\/comments?post=2695"}],"version-history":[{"count":26,"href":"https:\/\/www.cooperativazenith.it\/index.php\/wp-json\/wp\/v2\/pages\/2695\/revisions"}],"predecessor-version":[{"id":11590,"href":"https:\/\/www.cooperativazenith.it\/index.php\/wp-json\/wp\/v2\/pages\/2695\/revisions\/11590"}],"wp:attachment":[{"href":"https:\/\/www.cooperativazenith.it\/index.php\/wp-json\/wp\/v2\/media?parent=2695"}],"curies":[{"name":"wp","href":"https:\/\/api.w.org\/{rel}","templated":true}]}}