{"id":2679,"date":"2017-11-06T09:51:57","date_gmt":"2017-11-06T09:51:57","guid":{"rendered":"https:\/\/www.cooperativazenith.it\/?page_id=2679"},"modified":"2025-09-15T12:11:50","modified_gmt":"2025-09-15T12:11:50","slug":"casa-galliari","status":"publish","type":"page","link":"https:\/\/www.cooperativazenith.it\/index.php\/casa-galliari\/","title":{"rendered":"Casa GALLIARI"},"content":{"rendered":"<div class=\"wpb-content-wrapper\">[vc_row fullwidth=&#8221;true&#8221; visibility=&#8221;hidden-sm&#8221; css=&#8221;.vc_custom_1555579426064{margin-top: -60px !important;}&#8221;][vc_column][vc_column_text css=&#8221;.vc_custom_1743431747875{margin-bottom: 0px !important;}&#8221;]<script type=\"text\/javascript\">jQuery(function() { _initLayerSlider( '#layerslider_110_yk1saqi629jx', {sliderVersion: '7.14.1', layersContainer: 0, allowFullscreen: true, slideBGSize: 'auto', hideUnder: 0, hideOver: 100000, pauseOnHover: 1, skin: 'v5', sliderFadeInDuration: 350, useSrcset: true, skinsPath: 'https:\/\/www.cooperativazenith.it\/wp-content\/plugins\/LayerSlider\/assets\/static\/layerslider\/skins\/', performanceMode: true}); });<\/script><div id=\"layerslider_110_yk1saqi629jx\"  class=\"ls-wp-container fitvidsignore ls-selectable\" style=\"width:1024px;height:250px;margin:0 auto;margin-bottom: 0px;\"><div class=\"ls-slide\" ><img loading=\"lazy\" decoding=\"async\" width=\"1024\" height=\"250\" src=\"https:\/\/www.cooperativazenith.it\/wp-content\/uploads\/2025\/03\/casa-galliari-intest.jpg\" class=\"ls-bg\" alt=\"\" srcset=\"https:\/\/www.cooperativazenith.it\/wp-content\/uploads\/2025\/03\/casa-galliari-intest.jpg 1024w, https:\/\/www.cooperativazenith.it\/wp-content\/uploads\/2025\/03\/casa-galliari-intest-300x73.jpg 300w, https:\/\/www.cooperativazenith.it\/wp-content\/uploads\/2025\/03\/casa-galliari-intest-768x188.jpg 768w\" sizes=\"auto, (max-width: 1024px) 100vw, 1024px\" itemprop=\"image\" \/><\/div><\/div>[\/vc_column_text][vc_empty_space height=&#8221;50px&#8221;][\/vc_column][\/vc_row][vc_row fullwidth=&#8221;true&#8221; visibility=&#8221;visible-sm&#8221; css=&#8221;.vc_custom_1555579435332{margin-top: -25px !important;}&#8221;][vc_column][vc_column_text css=&#8221;.vc_custom_1743431755595{margin-bottom: 0px !important;}&#8221;]<script type=\"text\/javascript\">jQuery(function() { _initLayerSlider( '#layerslider_110_16wr2avi5ekf1', {sliderVersion: '7.14.1', layersContainer: 0, allowFullscreen: true, slideBGSize: 'auto', hideUnder: 0, hideOver: 100000, pauseOnHover: 1, skin: 'v5', sliderFadeInDuration: 350, useSrcset: true, skinsPath: 'https:\/\/www.cooperativazenith.it\/wp-content\/plugins\/LayerSlider\/assets\/static\/layerslider\/skins\/', performanceMode: true}); });<\/script><div id=\"layerslider_110_16wr2avi5ekf1\"  class=\"ls-wp-container fitvidsignore ls-selectable\" style=\"width:1024px;height:250px;margin:0 auto;margin-bottom: 0px;\"><div class=\"ls-slide\" ><img loading=\"lazy\" decoding=\"async\" width=\"1024\" height=\"250\" src=\"https:\/\/www.cooperativazenith.it\/wp-content\/uploads\/2025\/03\/casa-galliari-intest.jpg\" class=\"ls-bg\" alt=\"\" srcset=\"https:\/\/www.cooperativazenith.it\/wp-content\/uploads\/2025\/03\/casa-galliari-intest.jpg 1024w, https:\/\/www.cooperativazenith.it\/wp-content\/uploads\/2025\/03\/casa-galliari-intest-300x73.jpg 300w, https:\/\/www.cooperativazenith.it\/wp-content\/uploads\/2025\/03\/casa-galliari-intest-768x188.jpg 768w\" sizes=\"auto, (max-width: 1024px) 100vw, 1024px\" itemprop=\"image\" \/><\/div><\/div>[\/vc_column_text][vc_empty_space height=&#8221;50px&#8221;][\/vc_column][\/vc_row][vc_row visibility=&#8221;hidden-sm&#8221;][vc_column width=&#8221;1\/4&#8243;][vc_custom_heading text=&#8221;Casa GALLIARI&#8221; font_container=&#8221;tag:h2|text_align:left|color:%23ff7900&#8243; google_fonts=&#8221;font_family:Montserrat%3Aregular%2C700|font_style:400%20regular%3A400%3Anormal&#8221;][vc_custom_heading text=&#8221;Accoglienza comunitaria di minori, giovani adulti<br \/>\ne minori stranieri non accompagnati&#8221; font_container=&#8221;tag:h3|text_align:left&#8221; google_fonts=&#8221;font_family:Montserrat%3Aregular%2C700|font_style:400%20regular%3A400%3Anormal&#8221;][vc_empty_space height=&#8221;30px&#8221;][\/vc_column][vc_column width=&#8221;1\/2&#8243;][vc_column_text css=&#8221;.vc_custom_1647869932710{padding-top: 15px !important;padding-right: 15px !important;padding-bottom: 15px !important;padding-left: 15px !important;background-color: rgba(0,108,191,0.23) !important;*background-color: rgb(0,108,191) !important;}&#8221;]<span style=\"color: #000000;\"><span style=\"color: #ff6600;\">Casa Galliari<\/span> \u00e8 un servizio di accoglienza comunitaria rivolto a:<\/span><\/p>\n<ul>\n<li><span style=\"color: #000000;\">minori, giovani adulti e minori stranieri non accompagnati di sesso maschile;<\/span><\/li>\n<li><span style=\"color: #000000;\">minori stranieri non accompagnati a rischio di sviluppare una specifica sintomatologia psicopatologica associata all\u2019esito dell\u2019esperienza traumatica pre-migratoria e migratoria;<\/span><\/li>\n<li><span style=\"color: #000000;\">minori stranieri non accompagnati con sintomatologia riconducibile al disturbo da stress post-traumatico, al disturbo depressivo e\/o al disturbo borderline di personalit\u00e0, gi\u00e0 in fase di trattamento e in condizione di compenso clinico compatibile con l\u2019accoglienza comunitaria.<\/span><\/li>\n<\/ul>\n[\/vc_column_text][vc_empty_space height=&#8221;30px&#8221;][vc_column_text css=&#8221;.vc_custom_1647940324451{margin-bottom: 0px !important;}&#8221;]<span style=\"color: #000000;\">Il servizio fornisce:<\/span><\/p>\n<ul>\n<li><span style=\"color: #000000;\"><strong>Accoglienza materiale della persona<\/strong>; <\/span><\/li>\n<li><span style=\"color: #000000;\"><strong>tutela psicosociosanitaria<\/strong>, con particolare rifermento all\u2019emersione di situazioni di vulnerabilit\u00e0 e le relative misure di supporto, presa in carico e riabilitazione, in collaborazione con i servizi offerti dalla Citt\u00e0; <\/span><\/li>\n<li><span style=\"color: #000000;\"><strong>raccordo e integrazione con i servizi cittadini<\/strong> per: mediazione linguistico-culturale, orientamento e accesso ai servizi del territorio e all\u2019inserimento sociale; insegnamento della lingua italiana e inserimento scolastico; formazione e riqualificazione professionale; orientamento e accompagnamento all\u2019inserimento lavorativo; orientamento e accompagnamento all\u2019inserimento abitativo; orientamento e tutela legale; azioni di raccordo con la famiglia di origine del minore; prevenzione e\/o contrasto alle forme di sfruttamento di qualsiasi natura di persone straniere.<\/span><\/li>\n<\/ul>\n[\/vc_column_text][vc_empty_space height=&#8221;30px&#8221;][\/vc_column][vc_column width=&#8221;1\/4&#8243;][vc_cta h2=&#8221;Aiutaci a prenderci cura di chi \u00e8 pi\u00f9 fragile!&#8221; h2_font_container=&#8221;tag:h3|font_size:24px|text_align:left|color:%23dd3333&#8243; h2_google_fonts=&#8221;font_family:Montserrat%3Aregular%2C700|font_style:400%20regular%3A400%3Anormal&#8221; shape=&#8221;square&#8221; style=&#8221;flat&#8221; add_button=&#8221;bottom&#8221; btn_title=&#8221;SCOPRI DI PI\u00d9!&#8221; btn_style=&#8221;flat&#8221; btn_shape=&#8221;square&#8221; btn_color=&#8221;danger&#8221; btn_size=&#8221;lg&#8221; btn_align=&#8221;center&#8221; use_custom_fonts_h2=&#8221;true&#8221; btn_button_block=&#8221;true&#8221; btn_link=&#8221;url:https%3A%2F%2Fwww.cooperativazenith.it%2Findex.php%2Fsostienici%2F|||&#8221;]Con il tuo contributo diventerai protagonista dei progetti e degli interventi che dedichiamo agli anziani fragili e alle persone in difficolt\u00e0 socioeconomica della nostra citt\u00e0.[\/vc_cta][\/vc_column][\/vc_row][vc_row visibility=&#8221;visible-sm&#8221;][vc_column width=&#8221;1\/4&#8243;][vc_custom_heading text=&#8221;Casa GALLIARI&#8221; font_container=&#8221;tag:h2|text_align:left|color:%23ff7900&#8243; google_fonts=&#8221;font_family:Montserrat%3Aregular%2C700|font_style:400%20regular%3A400%3Anormal&#8221;][vc_custom_heading text=&#8221;Accoglienza comunitaria di minori, giovani adulti<br \/>\ne minori stranieri non accompagnati&#8221; font_container=&#8221;tag:h3|text_align:left&#8221; google_fonts=&#8221;font_family:Montserrat%3Aregular%2C700|font_style:400%20regular%3A400%3Anormal&#8221;][vc_empty_space height=&#8221;15px&#8221;][\/vc_column][vc_column width=&#8221;3\/4&#8243;][vc_column_text css=&#8221;.vc_custom_1647869932710{padding-top: 15px !important;padding-right: 15px !important;padding-bottom: 15px !important;padding-left: 15px !important;background-color: rgba(0,108,191,0.23) !important;*background-color: rgb(0,108,191) !important;}&#8221;]<span style=\"color: #000000;\"><span style=\"color: #ff6600;\">Casa Galliari<\/span> \u00e8 un servizio di accoglienza comunitaria rivolto a:<\/span><\/p>\n<ul>\n<li><span style=\"color: #000000;\">minori, giovani adulti e minori stranieri non accompagnati di sesso maschile;<\/span><\/li>\n<li><span style=\"color: #000000;\">minori stranieri non accompagnati a rischio di sviluppare una specifica sintomatologia psicopatologica associata all\u2019esito dell\u2019esperienza traumatica pre-migratoria e migratoria;<\/span><\/li>\n<li><span style=\"color: #000000;\">minori stranieri non accompagnati con sintomatologia riconducibile al disturbo da stress post-traumatico, al disturbo depressivo e\/o al disturbo borderline di personalit\u00e0, gi\u00e0 in fase di trattamento e in condizione di compenso clinico compatibile con l\u2019accoglienza comunitaria.<\/span><\/li>\n<\/ul>\n[\/vc_column_text][vc_empty_space height=&#8221;35px&#8221;][vc_column_text css=&#8221;.vc_custom_1647940324451{margin-bottom: 0px !important;}&#8221;]<span style=\"color: #000000;\">Il servizio fornisce:<\/span><\/p>\n<ul>\n<li><span style=\"color: #000000;\"><strong>Accoglienza materiale della persona<\/strong>; <\/span><\/li>\n<li><span style=\"color: #000000;\"><strong>tutela psicosociosanitaria<\/strong>, con particolare rifermento all\u2019emersione di situazioni di vulnerabilit\u00e0 e le relative misure di supporto, presa in carico e riabilitazione, in collaborazione con i servizi offerti dalla Citt\u00e0; <\/span><\/li>\n<li><span style=\"color: #000000;\"><strong>raccordo e integrazione con i servizi cittadini<\/strong> per: mediazione linguistico-culturale, orientamento e accesso ai servizi del territorio e all\u2019inserimento sociale; insegnamento della lingua italiana e inserimento scolastico; formazione e riqualificazione professionale; orientamento e accompagnamento all\u2019inserimento lavorativo; orientamento e accompagnamento all\u2019inserimento abitativo; orientamento e tutela legale; azioni di raccordo con la famiglia di origine del minore; prevenzione e\/o contrasto alle forme di sfruttamento di qualsiasi natura di persone straniere.<\/span><\/li>\n<\/ul>\n[\/vc_column_text][vc_empty_space height=&#8221;35px&#8221;][\/vc_column][\/vc_row][vc_row visibility=&#8221;hidden-sm&#8221;][vc_column width=&#8221;1\/4&#8243;][vc_custom_heading text=&#8221;La struttura abitativa e l&#8217;equipe professionale&#8221; font_container=&#8221;tag:h3|text_align:left&#8221; google_fonts=&#8221;font_family:Montserrat%3Aregular%2C700|font_style:400%20regular%3A400%3Anormal&#8221;][vc_empty_space height=&#8221;30px&#8221;][\/vc_column][vc_column width=&#8221;3\/4&#8243;][vc_column_text css=&#8221;.vc_custom_1647870584872{margin-bottom: 0px !important;}&#8221;]<span style=\"color: #000000;\"><strong>Casa Galliari<\/strong> \u00e8 un appartamento collocato al secondo piano di uno storico palazzo nel cuore del quartiere San Salvario. Ha una superficie di circa 250 mq ed \u00e8 stato progettato per consentire agli ospiti la possibilit\u00e0 di usufruire degli spazi comuni per i momenti di socializzazione e al contempo garantire la necessaria privacy.<\/span><\/p>\n<p><span style=\"color: #000000;\"><strong>Il servizio pu\u00f2 ospitare 12 persone<\/strong>, quotidianamente seguite da una <strong>equipe multidisciplinare<\/strong> composta da: educatori professionali, OSS, un tecnico della riabilitazione psichiatrica, uno psicologo-psicoterapeuta, un mediatore culturale e un operatore di supporto, coordinati dal responsabile dell\u2019esecuzione del servizio (RES) a cui sono affidati i compiti di organizzazione delle attivit\u00e0 e vigilanza sugli aspetti qualitativi del servizio offerto.<\/span>[\/vc_column_text][vc_empty_space height=&#8221;30px&#8221;][\/vc_column][\/vc_row][vc_row visibility=&#8221;visible-sm&#8221; css=&#8221;.vc_custom_1647941829018{padding-top: 35px !important;background-color: #ededed !important;}&#8221;][vc_column width=&#8221;1\/4&#8243;][vc_custom_heading text=&#8221;La struttura abitativa e l&#8217;equipe professionale&#8221; font_container=&#8221;tag:h3|text_align:left&#8221; google_fonts=&#8221;font_family:Montserrat%3Aregular%2C700|font_style:400%20regular%3A400%3Anormal&#8221;][vc_empty_space height=&#8221;15px&#8221;][\/vc_column][vc_column width=&#8221;3\/4&#8243;][vc_column_text css=&#8221;.vc_custom_1647870584872{margin-bottom: 0px !important;}&#8221;]<span style=\"color: #000000;\"><strong>Casa Galliari<\/strong> \u00e8 un appartamento collocato al secondo piano di uno storico palazzo nel cuore del quartiere San Salvario. Ha una superficie di circa 250 mq ed \u00e8 stato progettato per consentire agli ospiti la possibilit\u00e0 di usufruire degli spazi comuni per i momenti di socializzazione e al contempo garantire la necessaria privacy.<\/span><\/p>\n<p><span style=\"color: #000000;\"><strong>Il servizio pu\u00f2 ospitare 12 persone<\/strong>, quotidianamente seguite da una <strong>equipe multidisciplinare<\/strong> composta da: educatori professionali, OSS, un tecnico della riabilitazione psichiatrica, uno psicologo-psicoterapeuta, un mediatore culturale e un operatore di supporto, coordinati dal responsabile dell\u2019esecuzione del servizio (RES) a cui sono affidati i compiti di organizzazione delle attivit\u00e0 e vigilanza sugli aspetti qualitativi del servizio offerto.<\/span>[\/vc_column_text][vc_empty_space height=&#8221;15px&#8221;][\/vc_column][\/vc_row][vc_row visibility=&#8221;hidden-sm&#8221; css=&#8221;.vc_custom_1647941305324{padding-top: 50px !important;padding-bottom: 50px !important;background-color: #ededed !important;}&#8221; id=&#8221;OK&#8221;][vc_column width=&#8221;1\/4&#8243;][vc_custom_heading text=&#8221;L&#8217;accoglienza integrata&#8221; font_container=&#8221;tag:h3|text_align:left&#8221; google_fonts=&#8221;font_family:Montserrat%3Aregular%2C700|font_style:400%20regular%3A400%3Anormal&#8221;][vc_empty_space height=&#8221;30px&#8221;][\/vc_column][vc_column width=&#8221;3\/4&#8243;][vc_column_text css=&#8221;.vc_custom_1647941048872{margin-bottom: 0px !important;}&#8221;]<span style=\"color: #000000;\">L\u2019accoglienza integrata \u00e8 una modalit\u00e0 operativa che mette al centro il <strong>processo di empowerment<\/strong> inteso come un processo individuale e organizzato, attraverso il quale le singole persone possono ricostruire le proprie capacit\u00e0 di scelta e di progettazione e riacquistare la percezione del proprio valore, delle proprie potenzialit\u00e0 e opportunit\u00e0. Questo comporta che gli interventi materiali di base, quale la predisposizione di vitto e alloggio, siano contestuali a servizi volti a favorire l\u2019<strong>acquisizione di strumenti per l\u2019autonomia<\/strong>.<\/span><\/p>\n<p><span style=\"color: #000000;\">I servizi offerti dal progetto di accoglienza sono orientati a <strong>favorire il percorso di inclusione sociale<\/strong> della singola persona in modo tale che si tenga conto della sua complessit\u00e0 (in termini di diritti e di doveri, di aspettative, di caratteristiche personali, di storia, di contesto culturale e politico di provenienza, ecc.) e dei suoi bisogni. Ci si riferisce pertanto a un approccio olistico volto a favorire la presa in carico della singola persona nella sua interezza e nelle sue tante sfaccettature, a partire dall\u2019<strong>identificazione e valorizzazione delle sue risorse individuali<\/strong>.<\/span>[\/vc_column_text][vc_empty_space height=&#8221;30px&#8221;][\/vc_column][\/vc_row][vc_row visibility=&#8221;visible-sm&#8221; css=&#8221;.vc_custom_1647941765146{padding-top: 30px !important;padding-bottom: 30px !important;}&#8221; id=&#8221;OK&#8221;][vc_column width=&#8221;1\/4&#8243;][vc_custom_heading text=&#8221;L&#8217;accoglienza integrata&#8221; font_container=&#8221;tag:h3|text_align:left&#8221; google_fonts=&#8221;font_family:Montserrat%3Aregular%2C700|font_style:400%20regular%3A400%3Anormal&#8221;][vc_empty_space height=&#8221;15px&#8221;][\/vc_column][vc_column width=&#8221;3\/4&#8243;][vc_column_text css=&#8221;.vc_custom_1647941048872{margin-bottom: 0px !important;}&#8221;]<span style=\"color: #000000;\">L\u2019accoglienza integrata \u00e8 una modalit\u00e0 operativa che mette al centro il <strong>processo di empowerment<\/strong> inteso come un processo individuale e organizzato, attraverso il quale le singole persone possono ricostruire le proprie capacit\u00e0 di scelta e di progettazione e riacquistare la percezione del proprio valore, delle proprie potenzialit\u00e0 e opportunit\u00e0. Questo comporta che gli interventi materiali di base, quale la predisposizione di vitto e alloggio, siano contestuali a servizi volti a favorire l\u2019<strong>acquisizione di strumenti per l\u2019autonomia<\/strong>.<\/span><\/p>\n<p><span style=\"color: #000000;\">I servizi offerti dal progetto di accoglienza sono orientati a <strong>favorire il percorso di inclusione sociale<\/strong> della singola persona in modo tale che si tenga conto della sua complessit\u00e0 (in termini di diritti e di doveri, di aspettative, di caratteristiche personali, di storia, di contesto culturale e politico di provenienza, ecc.) e dei suoi bisogni. Ci si riferisce pertanto a un approccio olistico volto a favorire la presa in carico della singola persona nella sua interezza e nelle sue tante sfaccettature, a partire dall\u2019<strong>identificazione e valorizzazione delle sue risorse individuali<\/strong>.<\/span>[\/vc_column_text][\/vc_column][\/vc_row][vc_row][vc_column][vc_separator][vc_empty_space][vc_custom_heading text=&#8221;La carta del servizio&#8221; font_container=&#8221;tag:h3|text_align:left&#8221; google_fonts=&#8221;font_family:Montserrat%3Aregular%2C700|font_style:400%20regular%3A400%3Anormal&#8221;][vc_empty_space][vc_column_text css=&#8221;.vc_custom_1684153186860{margin-bottom: 0px !important;}&#8221;]<div class=\"_df_book df-lite\" id=\"df_10418\"  _slug=\"carta-servizio-casa-galliari-2022\" data-title=\"carta-servizio-casa-galliari-2022\" wpoptions=\"true\" thumbtype=\"\" ><\/div><script class=\"df-shortcode-script\" nowprocket type=\"application\/javascript\">window.option_df_10418 = {\"outline\":[],\"backgroundColor\":\"#ffffff\",\"autoEnableOutline\":\"false\",\"autoEnableThumbnail\":\"false\",\"overwritePDFOutline\":\"false\",\"direction\":\"1\",\"pageSize\":\"0\",\"soundEnable\":\"false\",\"source\":\"https:\\\/\\\/www.cooperativazenith.it\\\/wp-content\\\/uploads\\\/2023\\\/05\\\/carta-servizio-casa-galliari.pdf\",\"wpOptions\":\"true\"}; if(window.DFLIP && window.DFLIP.parseBooks){window.DFLIP.parseBooks();}<\/script>[\/vc_column_text][\/vc_column][\/vc_row][vc_row visibility=&#8221;visible-sm&#8221; css=&#8221;.vc_custom_1647941653598{margin-top: 50px !important;}&#8221;][vc_column][vc_empty_space height=&#8221;30px&#8221;][vc_cta h2=&#8221;Aiutaci a prenderci cura di chi \u00e8 pi\u00f9 fragile!&#8221; h2_font_container=&#8221;tag:h3|font_size:24px|text_align:left|color:%23dd3333&#8243; h2_google_fonts=&#8221;font_family:Montserrat%3Aregular%2C700|font_style:400%20regular%3A400%3Anormal&#8221; shape=&#8221;square&#8221; style=&#8221;flat&#8221; add_button=&#8221;bottom&#8221; btn_title=&#8221;SCOPRI DI PI\u00d9!&#8221; btn_style=&#8221;flat&#8221; btn_shape=&#8221;square&#8221; btn_color=&#8221;danger&#8221; btn_size=&#8221;lg&#8221; btn_align=&#8221;center&#8221; use_custom_fonts_h2=&#8221;true&#8221; btn_button_block=&#8221;true&#8221; btn_link=&#8221;url:https%3A%2F%2Fwww.cooperativazenith.it%2Findex.php%2Fsostienici%2F|||&#8221;]Con il tuo contributo diventerai protagonista dei progetti e degli interventi che dedichiamo agli anziani fragili e alle persone in difficolt\u00e0 socioeconomica della nostra citt\u00e0.[\/vc_cta][\/vc_column][\/vc_row]\n<\/div>","protected":false},"excerpt":{"rendered":"<p>[vc_row fullwidth=&#8221;true&#8221; visibility=&#8221;hidden-sm&#8221; css=&#8221;.vc_custom_1555579426064{margin-top: -60px !important;}&#8221;][vc_column][vc_column_text css=&#8221;.vc_custom_1743431747875{margin-bottom: 0px !important;}&#8221;][\/vc_column_text][vc_empty_space height=&#8221;50px&#8221;][\/vc_column][\/vc_row][vc_row fullwidth=&#8221;true&#8221; visibility=&#8221;visible-sm&#8221; css=&#8221;.vc_custom_1555579435332{margin-top: -25px !important;}&#8221;][vc_column][vc_column_text css=&#8221;.vc_custom_1743431755595{margin-bottom: 0px !important;}&#8221;][\/vc_column_text][vc_empty_space height=&#8221;50px&#8221;][\/vc_column][\/vc_row][vc_row visibility=&#8221;hidden-sm&#8221;][vc_column width=&#8221;1\/4&#8243;][vc_custom_heading text=&#8221;Casa GALLIARI&#8221; font_container=&#8221;tag:h2|text_align:left|color:%23ff7900&#8243; google_fonts=&#8221;font_family:Montserrat%3Aregular%2C700|font_style:400%20regular%3A400%3Anormal&#8221;][vc_custom_heading text=&#8221;Accoglienza comunitaria di minori, giovani adulti e minori stranieri non accompagnati&#8221; font_container=&#8221;tag:h3|text_align:left&#8221; google_fonts=&#8221;font_family:Montserrat%3Aregular%2C700|font_style:400%20regular%3A400%3Anormal&#8221;][vc_empty_space height=&#8221;30px&#8221;][\/vc_column][vc_column width=&#8221;1\/2&#8243;][vc_column_text css=&#8221;.vc_custom_1647869932710{padding-top: 15px !important;padding-right: 15px !important;padding-bottom: 15px !important;padding-left: 15px !important;background-color: rgba(0,108,191,0.23) !important;*background-color: rgb(0,108,191) !important;}&#8221;]Casa Galliari \u00e8 [&hellip;]<\/p>\n","protected":false},"author":3,"featured_media":0,"parent":0,"menu_order":0,"comment_status":"closed","ping_status":"closed","template":"","meta":{"give_campaign_id":0,"om_disable_all_campaigns":false,"_uf_show_specific_survey":0,"_uf_disable_surveys":false,"footnotes":""},"class_list":["post-2679","page","type-page","status-publish","hentry"],"campaignId":"","_links":{"self":[{"href":"https:\/\/www.cooperativazenith.it\/index.php\/wp-json\/wp\/v2\/pages\/2679","targetHints":{"allow":["GET"]}}],"collection":[{"href":"https:\/\/www.cooperativazenith.it\/index.php\/wp-json\/wp\/v2\/pages"}],"about":[{"href":"https:\/\/www.cooperativazenith.it\/index.php\/wp-json\/wp\/v2\/types\/page"}],"author":[{"embeddable":true,"href":"https:\/\/www.cooperativazenith.it\/index.php\/wp-json\/wp\/v2\/users\/3"}],"replies":[{"embeddable":true,"href":"https:\/\/www.cooperativazenith.it\/index.php\/wp-json\/wp\/v2\/comments?post=2679"}],"version-history":[{"count":54,"href":"https:\/\/www.cooperativazenith.it\/index.php\/wp-json\/wp\/v2\/pages\/2679\/revisions"}],"predecessor-version":[{"id":13313,"href":"https:\/\/www.cooperativazenith.it\/index.php\/wp-json\/wp\/v2\/pages\/2679\/revisions\/13313"}],"wp:attachment":[{"href":"https:\/\/www.cooperativazenith.it\/index.php\/wp-json\/wp\/v2\/media?parent=2679"}],"curies":[{"name":"wp","href":"https:\/\/api.w.org\/{rel}","templated":true}]}}