{"id":10547,"date":"2023-07-13T09:14:59","date_gmt":"2023-07-13T09:14:59","guid":{"rendered":"https:\/\/www.cooperativazenith.it\/?page_id=10547"},"modified":"2025-06-27T07:18:56","modified_gmt":"2025-06-27T07:18:56","slug":"bilancio-sociale-2","status":"publish","type":"page","link":"https:\/\/www.cooperativazenith.it\/index.php\/bilancio-sociale-2\/","title":{"rendered":"Bilancio Sociale"},"content":{"rendered":"<div class=\"wpb-content-wrapper\">[vc_row][vc_column][vc_custom_heading text=&#8221;Bilancio Sociale&#8221; font_container=&#8221;tag:h2|text_align:left|color:%23ff7900&#8243; google_fonts=&#8221;font_family:Montserrat%3Aregular%2C700|font_style:400%20regular%3A400%3Anormal&#8221;][vc_empty_space height=&#8221;30px&#8221;][\/vc_column][\/vc_row][vc_row][vc_column][vc_column_text css=&#8221;.vc_custom_1751008732974{margin-bottom: 0px !important;}&#8221;]\n<p data-start=\"139\" data-end=\"451\"><span style=\"color: #000000;\">Il Bilancio Sociale \u00e8 il modo in cui Zenith racconta, con trasparenza, come ogni giorno trasforma idee e valori in servizi utili per la comunit\u00e0.<\/span><br data-start=\"284\" data-end=\"287\" \/><span style=\"color: #000000;\">Tra queste pagine troverai dati, progetti, testimonianze: uno sguardo concreto su ci\u00f2 che abbiamo fatto e su ci\u00f2 che vogliamo costruire insieme a chi ci affianca.<\/span><\/p>\n<p data-start=\"453\" data-end=\"584\"><span style=\"color: #000000;\">Ti invitiamo a leggerlo per conoscere meglio chi siamo, come lavoriamo e quale impatto vogliamo continuare ad avere sul territorio.<\/span><\/p>\n[\/vc_column_text][vc_empty_space height=&#8221;30px&#8221;][\/vc_column][\/vc_row][vc_row][vc_column][vc_tta_accordion][vc_tta_section title=&#8221;Bilancio Sociale 2024&#8243; tab_id=&#8221;1750943491929-895ca8a1-3032&#8243;][vc_column_text css=&#8221;.vc_custom_1750943306674{margin-bottom: 0px !important;}&#8221;]<div class=\"_df_book df-lite\" id=\"df_12803\"  _slug=\"bilancio-sociale-2024\" data-title=\"bilancio-sociale-2024\" wpoptions=\"true\" thumbtype=\"\" ><\/div><script class=\"df-shortcode-script\" nowprocket type=\"application\/javascript\">window.option_df_12803 = {\"outline\":[],\"backgroundColor\":\"#ededed\",\"autoEnableOutline\":\"false\",\"autoEnableThumbnail\":\"false\",\"overwritePDFOutline\":\"false\",\"enableDownload\":\"false\",\"direction\":\"1\",\"pageSize\":\"0\",\"soundEnable\":\"false\",\"source\":\"https:\\\/\\\/www.cooperativazenith.it\\\/wp-content\\\/uploads\\\/2025\\\/06\\\/bilancio-sociale-2024_compressed.pdf\",\"wpOptions\":\"true\"}; if(window.DFLIP && window.DFLIP.parseBooks){window.DFLIP.parseBooks();}<\/script>[\/vc_column_text][\/vc_tta_section][vc_tta_section title=&#8221;Bilancio Sociale 2023&#8243; tab_id=&#8221;1750943166053-ae783561-aa53&#8243;][vc_column_text css=&#8221;.vc_custom_1750943211873{margin-bottom: 0px !important;}&#8221;]<div class=\"_df_book df-lite\" id=\"df_11449\"  _slug=\"bilancio-sociale-2023\" data-title=\"bilancio-sociale-2023\" wpoptions=\"true\" thumbtype=\"\" ><\/div><script class=\"df-shortcode-script\" nowprocket type=\"application\/javascript\">window.option_df_11449 = {\"outline\":[],\"backgroundColor\":\"#ededed\",\"autoEnableOutline\":\"false\",\"autoEnableThumbnail\":\"false\",\"overwritePDFOutline\":\"false\",\"enableDownload\":\"false\",\"direction\":\"1\",\"pageSize\":\"0\",\"soundEnable\":\"false\",\"source\":\"https:\\\/\\\/www.cooperativazenith.it\\\/wp-content\\\/uploads\\\/2024\\\/07\\\/bilancio-sociale-2023.pdf\",\"wpOptions\":\"true\"}; if(window.DFLIP && window.DFLIP.parseBooks){window.DFLIP.parseBooks();}<\/script>[\/vc_column_text][\/vc_tta_section][vc_tta_section title=&#8221;Bilancio Sociale 2022&#8243; tab_id=&#8221;1750943166064-01c0f079-550a&#8221;][vc_column_text css=&#8221;.vc_custom_1750943395698{margin-bottom: 0px !important;}&#8221;]<div class=\"_df_book df-lite\" id=\"df_10534\"  _slug=\"bilancio-sociale-2022\" data-title=\"bilancio-sociale-2022\" wpoptions=\"true\" thumbtype=\"\" ><\/div><script class=\"df-shortcode-script\" nowprocket type=\"application\/javascript\">window.option_df_10534 = {\"outline\":[],\"backgroundColor\":\"#ededed\",\"autoEnableOutline\":\"false\",\"autoEnableThumbnail\":\"false\",\"overwritePDFOutline\":\"false\",\"direction\":\"1\",\"pageSize\":\"0\",\"soundEnable\":\"false\",\"source\":\"https:\\\/\\\/www.cooperativazenith.it\\\/wp-content\\\/uploads\\\/2023\\\/07\\\/bilancio-sociale-2022_ok-2.pdf\",\"wpOptions\":\"true\"}; if(window.DFLIP && window.DFLIP.parseBooks){window.DFLIP.parseBooks();}<\/script>[\/vc_column_text][\/vc_tta_section][vc_tta_section title=&#8221;Bilancio Sociale 2021&#8243; tab_id=&#8221;1750943402986-7987b0c8-bdfe&#8221;][vc_column_text css=&#8221;.vc_custom_1750943437586{margin-bottom: 0px !important;}&#8221;]<div class=\"_df_book df-lite\" id=\"df_9303\"  _slug=\"9303\" data-title=\"bilancio-sociale-2021\" wpoptions=\"true\" thumb=\"https:\/\/www.cooperativazenith.it\/wp-content\/uploads\/2022\/07\/cop.jpg\" thumbtype=\"\" ><\/div><script class=\"df-shortcode-script\" nowprocket type=\"application\/javascript\">window.option_df_9303 = {\"webgl\":\"true\",\"outline\":[],\"backgroundColor\":\"#ededed\",\"autoEnableOutline\":\"false\",\"autoEnableThumbnail\":\"false\",\"overwritePDFOutline\":\"false\",\"direction\":\"1\",\"pageSize\":\"0\",\"soundEnable\":\"false\",\"source\":\"https:\\\/\\\/www.cooperativazenith.it\\\/wp-content\\\/uploads\\\/2022\\\/07\\\/bilancio-sociale-2021-light.pdf\",\"wpOptions\":\"true\"}; if(window.DFLIP && window.DFLIP.parseBooks){window.DFLIP.parseBooks();}<\/script>[\/vc_column_text][\/vc_tta_section][vc_tta_section title=&#8221;Bilancio Sociale 2020&#8243; tab_id=&#8221;1750943446344-9387d8dd-648e&#8221;][vc_column_text css=&#8221;.vc_custom_1750943481481{margin-bottom: 0px !important;}&#8221;]<div class=\"_df_book df-lite\" id=\"df_8081\"  _slug=\"bilancio-sociale-2020\" data-title=\"bilancio-sociale-2020\" wpoptions=\"true\" thumbtype=\"\" ><\/div><script class=\"df-shortcode-script\" nowprocket type=\"application\/javascript\">window.option_df_8081 = {\"outline\":[],\"backgroundColor\":\"#ededed\",\"autoEnableOutline\":\"false\",\"autoEnableThumbnail\":\"false\",\"overwritePDFOutline\":\"false\",\"enableDownload\":\"false\",\"direction\":\"1\",\"pageSize\":\"0\",\"soundEnable\":\"false\",\"source\":\"https:\\\/\\\/www.cooperativazenith.it\\\/wp-content\\\/uploads\\\/2021\\\/07\\\/bilancio-sociale-impaginato-28-07-21_compressed.pdf\",\"wpOptions\":\"true\"}; if(window.DFLIP && window.DFLIP.parseBooks){window.DFLIP.parseBooks();}<\/script>[\/vc_column_text][\/vc_tta_section][\/vc_tta_accordion][\/vc_column][\/vc_row]\n<\/div>","protected":false},"excerpt":{"rendered":"<p>[vc_row][vc_column][vc_custom_heading text=&#8221;Bilancio Sociale&#8221; font_container=&#8221;tag:h2|text_align:left|color:%23ff7900&#8243; google_fonts=&#8221;font_family:Montserrat%3Aregular%2C700|font_style:400%20regular%3A400%3Anormal&#8221;][vc_empty_space height=&#8221;30px&#8221;][\/vc_column][\/vc_row][vc_row][vc_column][vc_column_text css=&#8221;.vc_custom_1751008732974{margin-bottom: 0px !important;}&#8221;] Il Bilancio Sociale \u00e8 il modo in cui Zenith racconta, con trasparenza, come ogni giorno trasforma idee e valori in servizi utili per la comunit\u00e0.Tra queste pagine troverai dati, progetti, testimonianze: uno sguardo concreto su ci\u00f2 che abbiamo fatto e su ci\u00f2 che vogliamo costruire insieme [&hellip;]<\/p>\n","protected":false},"author":3,"featured_media":0,"parent":0,"menu_order":0,"comment_status":"closed","ping_status":"closed","template":"","meta":{"give_campaign_id":0,"om_disable_all_campaigns":false,"_uf_show_specific_survey":0,"_uf_disable_surveys":false,"footnotes":""},"class_list":["post-10547","page","type-page","status-publish","hentry"],"campaignId":"","_links":{"self":[{"href":"https:\/\/www.cooperativazenith.it\/index.php\/wp-json\/wp\/v2\/pages\/10547","targetHints":{"allow":["GET"]}}],"collection":[{"href":"https:\/\/www.cooperativazenith.it\/index.php\/wp-json\/wp\/v2\/pages"}],"about":[{"href":"https:\/\/www.cooperativazenith.it\/index.php\/wp-json\/wp\/v2\/types\/page"}],"author":[{"embeddable":true,"href":"https:\/\/www.cooperativazenith.it\/index.php\/wp-json\/wp\/v2\/users\/3"}],"replies":[{"embeddable":true,"href":"https:\/\/www.cooperativazenith.it\/index.php\/wp-json\/wp\/v2\/comments?post=10547"}],"version-history":[{"count":10,"href":"https:\/\/www.cooperativazenith.it\/index.php\/wp-json\/wp\/v2\/pages\/10547\/revisions"}],"predecessor-version":[{"id":10551,"href":"https:\/\/www.cooperativazenith.it\/index.php\/wp-json\/wp\/v2\/pages\/10547\/revisions\/10551"}],"wp:attachment":[{"href":"https:\/\/www.cooperativazenith.it\/index.php\/wp-json\/wp\/v2\/media?parent=10547"}],"curies":[{"name":"wp","href":"https:\/\/api.w.org\/{rel}","templated":true}]}}