{"id":10459,"date":"2023-06-05T08:29:05","date_gmt":"2023-06-05T08:29:05","guid":{"rendered":"https:\/\/www.cooperativazenith.it\/?page_id=10459"},"modified":"2026-02-16T09:28:45","modified_gmt":"2026-02-16T09:28:45","slug":"parita_di_genere","status":"publish","type":"page","link":"https:\/\/www.cooperativazenith.it\/index.php\/parita_di_genere\/","title":{"rendered":"Parit\u00e0 di genere"},"content":{"rendered":"<div class=\"wpb-content-wrapper\">[vc_row fullwidth=&#8221;true&#8221; visibility=&#8221;hidden-sm&#8221; css=&#8221;.vc_custom_1685955214385{margin-top: -60px !important;}&#8221;][vc_column][vc_column_text css=&#8221;.vc_custom_1743758517050{margin-bottom: 0px !important;}&#8221;]<script type=\"text\/javascript\">jQuery(function() { _initLayerSlider( '#layerslider_113_13wnmvvw4ci0m', {createdWith: '6.7.6', sliderVersion: '7.14.4', allowFullscreen: true, pauseOnHover: 'enabled', skin: 'v6', sliderFadeInDuration: 350, useSrcset: true, skinsPath: 'https:\/\/www.cooperativazenith.it\/wp-content\/plugins\/LayerSlider\/assets\/static\/layerslider\/skins\/', performanceMode: true}); });<\/script><div id=\"layerslider_113_13wnmvvw4ci0m\"  class=\"ls-wp-container fitvidsignore ls-selectable\" style=\"width:1024px;height:250px;margin:0 auto;margin-bottom: 0px;\"><div class=\"ls-slide\" ><img loading=\"lazy\" decoding=\"async\" width=\"1024\" height=\"250\" src=\"https:\/\/www.cooperativazenith.it\/wp-content\/uploads\/2025\/09\/parita-genere-intest-copia.jpg\" class=\"ls-bg\" alt=\"\" srcset=\"https:\/\/www.cooperativazenith.it\/wp-content\/uploads\/2025\/09\/parita-genere-intest-copia.jpg 1024w, https:\/\/www.cooperativazenith.it\/wp-content\/uploads\/2025\/09\/parita-genere-intest-copia-300x73.jpg 300w, https:\/\/www.cooperativazenith.it\/wp-content\/uploads\/2025\/09\/parita-genere-intest-copia-768x188.jpg 768w\" sizes=\"auto, (max-width: 1024px) 100vw, 1024px\" itemprop=\"image\" \/><\/div><\/div>[\/vc_column_text][vc_empty_space height=&#8221;50px&#8221;][\/vc_column][\/vc_row][vc_row fullwidth=&#8221;true&#8221; visibility=&#8221;visible-sm&#8221; css=&#8221;.vc_custom_1685955244020{margin-top: -25px !important;}&#8221;][vc_column][vc_column_text css=&#8221;.vc_custom_1743758524809{margin-bottom: 0px !important;}&#8221;]<script type=\"text\/javascript\">jQuery(function() { _initLayerSlider( '#layerslider_113_j3kervwowot4', {createdWith: '6.7.6', sliderVersion: '7.14.4', allowFullscreen: true, pauseOnHover: 'enabled', skin: 'v6', sliderFadeInDuration: 350, useSrcset: true, skinsPath: 'https:\/\/www.cooperativazenith.it\/wp-content\/plugins\/LayerSlider\/assets\/static\/layerslider\/skins\/', performanceMode: true}); });<\/script><div id=\"layerslider_113_j3kervwowot4\"  class=\"ls-wp-container fitvidsignore ls-selectable\" style=\"width:1024px;height:250px;margin:0 auto;margin-bottom: 0px;\"><div class=\"ls-slide\" ><img loading=\"lazy\" decoding=\"async\" width=\"1024\" height=\"250\" src=\"https:\/\/www.cooperativazenith.it\/wp-content\/uploads\/2025\/09\/parita-genere-intest-copia.jpg\" class=\"ls-bg\" alt=\"\" srcset=\"https:\/\/www.cooperativazenith.it\/wp-content\/uploads\/2025\/09\/parita-genere-intest-copia.jpg 1024w, https:\/\/www.cooperativazenith.it\/wp-content\/uploads\/2025\/09\/parita-genere-intest-copia-300x73.jpg 300w, https:\/\/www.cooperativazenith.it\/wp-content\/uploads\/2025\/09\/parita-genere-intest-copia-768x188.jpg 768w\" sizes=\"auto, (max-width: 1024px) 100vw, 1024px\" itemprop=\"image\" \/><\/div><\/div>[\/vc_column_text][vc_empty_space height=&#8221;50px&#8221;][\/vc_column][\/vc_row][vc_row][vc_column width=&#8221;1\/4&#8243;][vc_custom_heading text=&#8221;Parit\u00e0 di genere&#8221; font_container=&#8221;tag:h2|text_align:left|color:%231e73be&#8221; google_fonts=&#8221;font_family:Montserrat%3Aregular%2C700|font_style:400%20regular%3A400%3Anormal&#8221; css=&#8221;&#8221;][vc_empty_space height=&#8221;30px&#8221;][\/vc_column][vc_column width=&#8221;1\/2&#8243;][vc_column_text css=&#8221;.vc_custom_1755168065458{margin-bottom: 0px !important;padding-top: 15px !important;padding-right: 15px !important;padding-left: 15px !important;background-color: #006CBF3B !important;}&#8221;]<span style=\"color: #ff7900;\"><strong>Zenith<\/strong><\/span> \u00e8 impegnata nel sostegno dei valori della diversit\u00e0, dell\u2019inclusione e della parit\u00e0 di genere attraverso l\u2019adozione di meccanismi societari, organizzativi e gestionali improntati al rispetto dei diritti e della libert\u00e0 e dignit\u00e0 delle persone. In particolare, la Cooperativa si \u00e8 dotata di un sistema di gestione UNI\/PdR 125. Infatti, Zenith opera secondo la prassi UNI\/PdR 125:2022 attraverso un approccio basato sull\u2019imparzialit\u00e0 e non ammette alcuna forma di discriminazione diretta o indiretta, multipla e interconnessa in relazione al genere, all\u2019et\u00e0, all\u2019orientamento e all\u2019identit\u00e0 sessuale, alla disabilit\u00e0, allo stato di salute, all\u2019origine etnica, alla nazionalit\u00e0, alle opinioni politiche, alla categoria sociale di appartenenza e alla fede religiosa. Promuove inoltre le condizioni che consentono di rimuovere gli ostacoli culturali, organizzativi e materiali che limitano l\u2019espressione piena delle persone e la loro completa valorizzazione all\u2019interno dell\u2019organizzazione.[\/vc_column_text][vc_empty_space height=&#8221;30px&#8221;][vc_empty_space height=&#8221;20px&#8221;][vc_custom_heading text=&#8221;La composizione del nostro personale&#8221; font_container=&#8221;tag:h3|text_align:left|color:%23000000&#8243; google_fonts=&#8221;font_family:Montserrat%3Aregular%2C700|font_style:400%20regular%3A400%3Anormal&#8221; css=&#8221;&#8221;][vc_empty_space height=&#8221;20px&#8221;][vc_single_image image=&#8221;13198&#8243; img_size=&#8221;full&#8221; alignment=&#8221;center&#8221; css=&#8221;&#8221;][vc_empty_space height=&#8221;30px&#8221;][vc_custom_heading text=&#8221;Tabella di sintesi Turnover 2024&#8243; font_container=&#8221;tag:h3|text_align:left|color:%23000000&#8243; google_fonts=&#8221;font_family:Montserrat%3Aregular%2C700|font_style:400%20regular%3A400%3Anormal&#8221; css=&#8221;&#8221;][vc_empty_space height=&#8221;20px&#8221;][vc_single_image image=&#8221;12851&#8243; img_size=&#8221;medium&#8221; css=&#8221;&#8221;][vc_custom_heading text=&#8221;Il Gender Pay Gap aziendale nel 2024&#8243; font_container=&#8221;tag:h3|text_align:left|color:%23000000&#8243; google_fonts=&#8221;font_family:Montserrat%3Aregular%2C700|font_style:400%20regular%3A400%3Anormal&#8221; css=&#8221;&#8221;][vc_empty_space height=&#8221;20px&#8221;][vc_column_text css=&#8221;.vc_custom_1751354494439{margin-bottom: 0px !important;}&#8221;]<span style=\"color: #000000;\">L&#8217;analisi del gender pay\u00a0gap aziendale rivela un divario retributivo medio del\u00a0<b>4.15%<\/b>\u00a0a sfavore delle donne su una forza lavoro di 89 dipendenti (79% donne). Sono stati esclusi dall&#8217;analisi 15 dipendenti percettori di indennit\u00e0 di mansione specifica in qualit\u00e0 di responsabili\/referenti dei servizi. La struttura organizzativa presenta una\u00a0<b>marcata segmentazione di genere<\/b>: i livelli A1, A2 e B1 sono esclusivamente femminili, mentre la presenza maschile si concentra nei livelli retributivamente superiori (C2, D1, D2). Il livello pi\u00f9 critico \u00e8\u00a0<b>D1<\/b>\u00a0con un gap\u00a0del\u00a0<b>5.85%<\/b>, mentre il pi\u00f9 virtuoso \u00e8\u00a0<b>C2<\/b>\u00a0con\u00a0<b>0.34%<\/b>. L&#8217;elevata incidenza del part-time femminile (81% delle donne) e le significative differenze di anzianit\u00e0 rappresentano fattori chiave, ma la normalizzazione FTE evidenzia persistenti differenze che richiedono strategie mirate per la progressione di carriera femminile.\u00a0<\/span>[\/vc_column_text][vc_empty_space height=&#8221;30px&#8221;][vc_column_text css=&#8221;.vc_custom_1755168077582{margin-bottom: 0px !important;}&#8221;]<span style=\"color: #ff7900;\"><strong><a style=\"color: #ff7900;\" href=\"https:\/\/www.cooperativazenith.it\/wp-content\/uploads\/2025\/08\/zenith-societa-cooperativa-sociale_uni-pdr125_ita.pdf\" target=\"_blank\" rel=\"noopener\">Il Certificato UNI\/PdR 125:2022<\/a><\/strong><\/span>[\/vc_column_text][vc_single_image image=&#8221;13091&#8243; img_size=&#8221;full&#8221; onclick=&#8221;custom_link&#8221; css=&#8221;&#8221; link=&#8221;https:\/\/www.cooperativazenith.it\/wp-content\/uploads\/2025\/08\/zenith-societa-cooperativa-sociale_uni-pdr125_ita.pdf&#8221;][vc_empty_space height=&#8221;30px&#8221;][vc_custom_heading text=&#8221;Risorse da consultare&#8221; font_container=&#8221;tag:h3|text_align:left|color:%23000000&#8243; google_fonts=&#8221;font_family:Montserrat%3Aregular%2C700|font_style:400%20regular%3A400%3Anormal&#8221; css=&#8221;&#8221;][vc_empty_space height=&#8221;20px&#8221;][vc_column_text css=&#8221;.vc_custom_1755168090159{margin-bottom: 0px !important;}&#8221;]\n<ul>\n<li style=\"text-align: left;\"><span style=\"color: #ff6600;\">\u00a0<span style=\"color: #ff7900;\"><a style=\"color: #ff7900;\" href=\"https:\/\/www.cooperativazenith.it\/wp-content\/uploads\/2025\/06\/decalogo-per-una-comunicazione-inclusiva-di-genere.pdf\" target=\"_blank\" rel=\"noopener\"><em><strong>Decalogo per una Comunicazione Inclusiva di Genere<\/strong><\/em><\/a><\/span><\/span><\/li>\n<\/ul>\n[\/vc_column_text][vc_column_text css=&#8221;.vc_custom_1755168105259{margin-bottom: 0px !important;}&#8221;]\n<ul>\n<li style=\"text-align: left;\"><span style=\"color: #ff6600;\">\u00a0<span style=\"color: #ff7900;\"><a style=\"color: #ff7900;\" href=\"https:\/\/www.cooperativazenith.it\/wp-content\/uploads\/2025\/06\/una-biblioteca-per-la-parita-di-genere.pdf\" target=\"_blank\" rel=\"noopener\"><em><strong>Una biblioteca per la Parit\u00e0 di Genere<\/strong><\/em><\/a><\/span><\/span><\/li>\n<\/ul>\n[\/vc_column_text][vc_column_text css=&#8221;.vc_custom_1755168120227{margin-bottom: 0px !important;}&#8221;]\n<ul>\n<li style=\"text-align: left;\"><span style=\"color: #ff7900;\">\u00a0<a style=\"color: #ff7900;\" href=\"https:\/\/www.cooperativazenith.it\/wp-content\/uploads\/2025\/06\/poster-equita-genere_compressed.pdf\" target=\"_blank\" rel=\"noopener\"><em><strong>Comunicare in modo inclusivo<\/strong><\/em><\/a><\/span><\/li>\n<\/ul>\n[\/vc_column_text][vc_column_text css=&#8221;.vc_custom_1755168138469{margin-bottom: 0px !important;}&#8221;]\n<ul>\n<li style=\"text-align: left;\"><span style=\"color: #ff7900;\">\u00a0<a style=\"color: #ff7900;\" href=\"https:\/\/www.cooperativazenith.it\/wp-content\/uploads\/2025\/06\/politica-parita-di-genere.pdf\" target=\"_blank\" rel=\"noopener\"><em><strong>Politica per la Parit\u00e0 di Genere<\/strong><\/em><\/a><\/span><\/li>\n<\/ul>\n[\/vc_column_text][vc_column_text css=&#8221;.vc_custom_1771234116681{margin-bottom: 0px !important;}&#8221;]\n<ul>\n<li style=\"text-align: left;\"><span style=\"color: #ff7900;\">\u00a0<a style=\"color: #ff7900;\" href=\"https:\/\/www.cooperativazenith.it\/wp-content\/uploads\/2026\/02\/le-parole-giuste-media-e-persone-con-disabilita.pdf\" target=\"_blank\" rel=\"noopener\"><em><strong>Le parole giuste &#8211; media e persone con disabilit\u00e0<\/strong><\/em><\/a><\/span><\/li>\n<\/ul>\n[\/vc_column_text][\/vc_column][vc_column width=&#8221;1\/4&#8243;][vc_cta h2=&#8221;Aiutaci a prenderci cura di chi \u00e8 pi\u00f9 fragile!&#8221; h2_font_container=&#8221;tag:h2|text_align:left|color:%23dd3333&#8243; h2_google_fonts=&#8221;font_family:Montserrat%3Aregular%2C700|font_style:400%20regular%3A400%3Anormal&#8221; h4=&#8221;Con il tuo contributo ci aiuterai a prenderci cura di persone sofferenti di disagio psichico, disabili e anziani.&#8221; shape=&#8221;square&#8221; style=&#8221;flat&#8221; add_button=&#8221;bottom&#8221; btn_title=&#8221;SCOPRI COME!&#8221; btn_style=&#8221;flat&#8221; btn_shape=&#8221;square&#8221; btn_color=&#8221;danger&#8221; btn_size=&#8221;lg&#8221; use_custom_fonts_h2=&#8221;true&#8221; btn_link=&#8221;url:https%3A%2F%2Fwww.cooperativazenith.it%2Findex.php%2Fsostienici%2F|||&#8221;][\/vc_cta][\/vc_column][\/vc_row]\n<\/div>","protected":false},"excerpt":{"rendered":"<p>[vc_row fullwidth=&#8221;true&#8221; visibility=&#8221;hidden-sm&#8221; css=&#8221;.vc_custom_1685955214385{margin-top: -60px !important;}&#8221;][vc_column][vc_column_text css=&#8221;.vc_custom_1743758517050{margin-bottom: 0px !important;}&#8221;][\/vc_column_text][vc_empty_space height=&#8221;50px&#8221;][\/vc_column][\/vc_row][vc_row fullwidth=&#8221;true&#8221; visibility=&#8221;visible-sm&#8221; css=&#8221;.vc_custom_1685955244020{margin-top: -25px !important;}&#8221;][vc_column][vc_column_text css=&#8221;.vc_custom_1743758524809{margin-bottom: 0px !important;}&#8221;][\/vc_column_text][vc_empty_space height=&#8221;50px&#8221;][\/vc_column][\/vc_row][vc_row][vc_column width=&#8221;1\/4&#8243;][vc_custom_heading text=&#8221;Parit\u00e0 di genere&#8221; font_container=&#8221;tag:h2|text_align:left|color:%231e73be&#8221; google_fonts=&#8221;font_family:Montserrat%3Aregular%2C700|font_style:400%20regular%3A400%3Anormal&#8221; css=&#8221;&#8221;][vc_empty_space height=&#8221;30px&#8221;][\/vc_column][vc_column width=&#8221;1\/2&#8243;][vc_column_text css=&#8221;.vc_custom_1755168065458{margin-bottom: 0px !important;padding-top: 15px !important;padding-right: 15px !important;padding-left: 15px !important;background-color: #006CBF3B !important;}&#8221;]Zenith \u00e8 impegnata nel sostegno dei valori della diversit\u00e0, dell\u2019inclusione e della parit\u00e0 di genere attraverso l\u2019adozione [&hellip;]<\/p>\n","protected":false},"author":3,"featured_media":0,"parent":0,"menu_order":0,"comment_status":"closed","ping_status":"closed","template":"","meta":{"give_campaign_id":0,"om_disable_all_campaigns":false,"_uf_show_specific_survey":0,"_uf_disable_surveys":false,"footnotes":""},"class_list":["post-10459","page","type-page","status-publish","hentry"],"campaignId":"","_links":{"self":[{"href":"https:\/\/www.cooperativazenith.it\/index.php\/wp-json\/wp\/v2\/pages\/10459","targetHints":{"allow":["GET"]}}],"collection":[{"href":"https:\/\/www.cooperativazenith.it\/index.php\/wp-json\/wp\/v2\/pages"}],"about":[{"href":"https:\/\/www.cooperativazenith.it\/index.php\/wp-json\/wp\/v2\/types\/page"}],"author":[{"embeddable":true,"href":"https:\/\/www.cooperativazenith.it\/index.php\/wp-json\/wp\/v2\/users\/3"}],"replies":[{"embeddable":true,"href":"https:\/\/www.cooperativazenith.it\/index.php\/wp-json\/wp\/v2\/comments?post=10459"}],"version-history":[{"count":32,"href":"https:\/\/www.cooperativazenith.it\/index.php\/wp-json\/wp\/v2\/pages\/10459\/revisions"}],"predecessor-version":[{"id":14038,"href":"https:\/\/www.cooperativazenith.it\/index.php\/wp-json\/wp\/v2\/pages\/10459\/revisions\/14038"}],"wp:attachment":[{"href":"https:\/\/www.cooperativazenith.it\/index.php\/wp-json\/wp\/v2\/media?parent=10459"}],"curies":[{"name":"wp","href":"https:\/\/api.w.org\/{rel}","templated":true}]}}