{"id":100,"date":"2015-12-21T09:19:51","date_gmt":"2015-12-21T09:19:51","guid":{"rendered":"https:\/\/aziendalowcost.it\/wordpress\/?page_id=100"},"modified":"2025-09-25T08:49:12","modified_gmt":"2025-09-25T08:49:12","slug":"servizi-di-autonomia-supporto-alla-autonomia","status":"publish","type":"page","link":"https:\/\/www.cooperativazenith.it\/index.php\/servizi-di-autonomia-supporto-alla-autonomia\/","title":{"rendered":"Servizi di autonomia \u2013 supporto alla autonomia"},"content":{"rendered":"<div class=\"wpb-content-wrapper\">[vc_row fullwidth=&#8221;true&#8221; visibility=&#8221;hidden-sm&#8221; css=&#8221;.vc_custom_1555578599545{margin-top: -60px !important;}&#8221;][vc_column][vc_column_text css=&#8221;.vc_custom_1542638511687{margin-bottom: 0px !important;}&#8221;]<script type=\"text\/javascript\">jQuery(function() { _initLayerSlider( '#layerslider_17_caudl8l23a76', {sliderVersion: '7.15.1', responsiveUnder: 0, layersContainer: 0, allowFullscreen: true, slideBGSize: 'auto', hideUnder: 0, hideOver: 100000, pauseOnHover: 1, skin: 'v5', sliderFadeInDuration: 350, useSrcset: true, skinsPath: 'https:\/\/www.cooperativazenith.it\/wp-content\/plugins\/LayerSlider\/assets\/static\/layerslider\/skins\/', performanceMode: true}); });<\/script><div id=\"layerslider_17_caudl8l23a76\"  class=\"ls-wp-container fitvidsignore ls-selectable\" style=\"width:1024px;height:250px;margin:0 auto;margin-bottom: 0px;\"><div class=\"ls-slide\" ><img loading=\"lazy\" decoding=\"async\" width=\"1024\" height=\"250\" src=\"https:\/\/www.cooperativazenith.it\/wp-content\/uploads\/2025\/09\/autonomia-nuovo-nuovo.jpg\" class=\"ls-bg\" alt=\"\" srcset=\"https:\/\/www.cooperativazenith.it\/wp-content\/uploads\/2025\/09\/autonomia-nuovo-nuovo.jpg 1024w, https:\/\/www.cooperativazenith.it\/wp-content\/uploads\/2025\/09\/autonomia-nuovo-nuovo-300x73.jpg 300w, https:\/\/www.cooperativazenith.it\/wp-content\/uploads\/2025\/09\/autonomia-nuovo-nuovo-768x188.jpg 768w\" sizes=\"auto, (max-width: 1024px) 100vw, 1024px\" itemprop=\"image\" \/><\/div><\/div>[\/vc_column_text][vc_empty_space height=&#8221;50px&#8221;][\/vc_column][\/vc_row][vc_row fullwidth=&#8221;true&#8221; visibility=&#8221;visible-sm&#8221; css=&#8221;.vc_custom_1555578608455{margin-top: -25px !important;}&#8221;][vc_column][vc_column_text css=&#8221;.vc_custom_1542638511687{margin-bottom: 0px !important;}&#8221;]<script type=\"text\/javascript\">jQuery(function() { _initLayerSlider( '#layerslider_17_sjg37d95dcj1', {sliderVersion: '7.15.1', responsiveUnder: 0, layersContainer: 0, allowFullscreen: true, slideBGSize: 'auto', hideUnder: 0, hideOver: 100000, pauseOnHover: 1, skin: 'v5', sliderFadeInDuration: 350, useSrcset: true, skinsPath: 'https:\/\/www.cooperativazenith.it\/wp-content\/plugins\/LayerSlider\/assets\/static\/layerslider\/skins\/', performanceMode: true}); });<\/script><div id=\"layerslider_17_sjg37d95dcj1\"  class=\"ls-wp-container fitvidsignore ls-selectable\" style=\"width:1024px;height:250px;margin:0 auto;margin-bottom: 0px;\"><div class=\"ls-slide\" ><img loading=\"lazy\" decoding=\"async\" width=\"1024\" height=\"250\" src=\"https:\/\/www.cooperativazenith.it\/wp-content\/uploads\/2025\/09\/autonomia-nuovo-nuovo.jpg\" class=\"ls-bg\" alt=\"\" srcset=\"https:\/\/www.cooperativazenith.it\/wp-content\/uploads\/2025\/09\/autonomia-nuovo-nuovo.jpg 1024w, https:\/\/www.cooperativazenith.it\/wp-content\/uploads\/2025\/09\/autonomia-nuovo-nuovo-300x73.jpg 300w, https:\/\/www.cooperativazenith.it\/wp-content\/uploads\/2025\/09\/autonomia-nuovo-nuovo-768x188.jpg 768w\" sizes=\"auto, (max-width: 1024px) 100vw, 1024px\" itemprop=\"image\" \/><\/div><\/div>[\/vc_column_text][vc_empty_space height=&#8221;50px&#8221;][\/vc_column][\/vc_row][vc_row visibility=&#8221;hidden-sm&#8221;][vc_column width=&#8221;1\/4&#8243;][vc_custom_heading text=&#8221;Servizi di Autonomia\/<br \/>\nSupporto all&#8217;Autonomia&#8221; font_container=&#8221;tag:h2|text_align:left|color:%23FF7900&#8243; google_fonts=&#8221;font_family:Montserrat%3Aregular%2C700|font_style:400%20regular%3A400%3Anormal&#8221; css=&#8221;&#8221;][vc_empty_space height=&#8221;30px&#8221;][vc_column_text css=&#8221;.vc_custom_1755166762950{margin-bottom: 0px !important;}&#8221;]I Servizi sono gestiti da <span style=\"color: #ff7900;\">Zenith<\/span> in regime di Accreditamento con la Citt\u00e0 di Torino[\/vc_column_text][vc_empty_space height=&#8221;30px&#8221;][\/vc_column][vc_column width=&#8221;1\/2&#8243;][vc_column_text css=&#8221;.vc_custom_1758790077322{padding-top: 15px !important;padding-right: 15px !important;padding-bottom: 15px !important;padding-left: 15px !important;background-color: rgba(0,108,191,0.23) !important;*background-color: rgb(0,108,191) !important;}&#8221;]\n<p data-start=\"495\" data-end=\"692\"><span style=\"color: #000000;\">I <strong data-start=\"497\" data-end=\"521\">Servizi di Autonomia<\/strong> e di <strong data-start=\"527\" data-end=\"553\">Supporto all\u2019Autonomia<\/strong> sono rivolti ad adulti con disabilit\u00e0 intellettiva medio-lieve, che possiedono gi\u00e0 alcune competenze nella gestione della vita quotidiana.<\/span><\/p>\n<p data-start=\"694\" data-end=\"955\"><span style=\"color: #000000;\">Nel primo caso, i Servizi di Autonomia si concretizzano in <strong data-start=\"753\" data-end=\"782\">appartamenti residenziali<\/strong> gestiti da Zenith, dove gli ospiti vivono in un contesto semi-autonomo e vengono affiancati da un\u2019\u00e9quipe educativa lungo un percorso personalizzato di crescita e autonomia.<\/span><\/p>\n<p data-start=\"957\" data-end=\"1337\"><span style=\"color: #000000;\">Nel secondo caso, i Servizi di Supporto all\u2019Autonomia prevedono <strong data-start=\"1021\" data-end=\"1057\">interventi educativi a domicilio<\/strong>, oppure la <strong data-start=\"1069\" data-end=\"1158\">partecipazione a specifiche attivit\u00e0 organizzate all\u2019interno dei Servizi di Autonomia<\/strong>. In questo modo si garantisce continuit\u00e0 educativa anche a chi vive nella propria abitazione, offrendo occasioni di socialit\u00e0, apprendimento e accompagnamento nella quotidianit\u00e0.<\/span><\/p>\n[\/vc_column_text][vc_empty_space height=&#8221;30px&#8221;][vc_column_text css=&#8221;.vc_custom_1758790108946{margin-bottom: 0px !important;}&#8221;]\n<p data-start=\"1339\" data-end=\"1603\"><span style=\"color: #000000;\">La presa in carico educativa \u00e8 curata dall\u2019<strong data-start=\"1382\" data-end=\"1417\">Educativa Territoriale Handicap<\/strong> delle diverse Circoscrizioni della Citt\u00e0, mentre <strong data-start=\"1467\" data-end=\"1544\">Zenith si occupa della gestione operativa e della progettualit\u00e0 educativa<\/strong>, in un confronto costante e condiviso con l\u2019Ente pubblico.<\/span><\/p>\n<p data-start=\"1605\" data-end=\"1971\"><span style=\"color: #000000;\">L\u2019obiettivo principale \u00e8 costruire, per ciascuna persona, un percorso su misura, partendo dalle competenze gi\u00e0 presenti, analizzandone i bisogni e valorizzando ogni risorsa personale. Il lavoro educativo \u00e8 orientato al raggiungimento del <strong data-start=\"1843\" data-end=\"1883\">massimo grado di autonomia possibile<\/strong>, sempre in un\u2019ottica globale, attenta alla <strong data-start=\"1927\" data-end=\"1970\">specificit\u00e0 e unicit\u00e0 di ogni individuo<\/strong>.<\/span><\/p>\n<p data-start=\"1973\" data-end=\"2294\"><span style=\"color: #000000;\">Gli ospiti dei Servizi di Autonomia, con il supporto dell\u2019\u00e9quipe o del personale assistenziale ove previsto, partecipano attivamente alla gestione del \u201csistema casa\u201d e della propria quotidianit\u00e0, comprese tutte le attivit\u00e0 di cura personale, domestica e relazionale, in parallelo ai propri impegni lavorativi o formativi.<\/span><\/p>\n<p data-start=\"2296\" data-end=\"2520\"><span style=\"color: #000000;\">In entrambi i servizi, l\u2019\u00e9quipe educativa garantisce <strong data-start=\"2349\" data-end=\"2400\">una reperibilit\u00e0 telefonica attiva 24 ore su 24<\/strong>, a tutela della sicurezza degli ospiti e delle persone in carico, per la gestione di eventuali situazioni di emergenza.<\/span><\/p>\n[\/vc_column_text][vc_empty_space height=&#8221;30px&#8221;][\/vc_column][vc_column width=&#8221;1\/4&#8243;][vc_cta h2=&#8221;Aiutaci a prenderci cura di chi \u00e8 pi\u00f9 fragile!&#8221; h2_font_container=&#8221;tag:h3|font_size:24px|text_align:left|color:%23dd3333&#8243; h2_google_fonts=&#8221;font_family:Montserrat%3Aregular%2C700|font_style:400%20regular%3A400%3Anormal&#8221; shape=&#8221;square&#8221; style=&#8221;flat&#8221; add_button=&#8221;bottom&#8221; btn_title=&#8221;SCOPRI DI PI\u00d9!&#8221; btn_style=&#8221;flat&#8221; btn_shape=&#8221;square&#8221; btn_color=&#8221;danger&#8221; btn_size=&#8221;lg&#8221; btn_align=&#8221;center&#8221; use_custom_fonts_h2=&#8221;true&#8221; btn_button_block=&#8221;true&#8221; btn_link=&#8221;url:https%3A%2F%2Fwww.cooperativazenith.it%2Findex.php%2Fsostienici%2F|||&#8221;]Con il tuo contributo diventerai protagonista dei progetti e degli interventi che dedichiamo agli anziani fragili e alle persone in difficolt\u00e0 socioeconomica della nostra citt\u00e0.[\/vc_cta][\/vc_column][\/vc_row][vc_row visibility=&#8221;visible-sm&#8221;][vc_column width=&#8221;1\/4&#8243;][vc_custom_heading text=&#8221;Servizi di Autonomia\/<br \/>\nSupporto all&#8217;Autonomia&#8221; font_container=&#8221;tag:h2|text_align:left|color:%23FF7900&#8243; google_fonts=&#8221;font_family:Montserrat%3Aregular%2C700|font_style:400%20regular%3A400%3Anormal&#8221; css=&#8221;&#8221;][vc_empty_space height=&#8221;30px&#8221;][vc_column_text css=&#8221;.vc_custom_1755166762950{margin-bottom: 0px !important;}&#8221;]I Servizi sono gestiti da <span style=\"color: #ff7900;\">Zenith<\/span> in regime di Accreditamento con la Citt\u00e0 di Torino[\/vc_column_text][vc_empty_space height=&#8221;30px&#8221;][\/vc_column][vc_column width=&#8221;3\/4&#8243;][vc_column_text css=&#8221;.vc_custom_1758790131545{padding-top: 15px !important;padding-right: 15px !important;padding-bottom: 15px !important;padding-left: 15px !important;background-color: rgba(0,108,191,0.23) !important;*background-color: rgb(0,108,191) !important;}&#8221;]\n<p data-start=\"495\" data-end=\"692\"><span style=\"color: #000000;\">I <strong data-start=\"497\" data-end=\"521\">Servizi di Autonomia<\/strong> e di <strong data-start=\"527\" data-end=\"553\">Supporto all\u2019Autonomia<\/strong> sono rivolti ad adulti con disabilit\u00e0 intellettiva medio-lieve, che possiedono gi\u00e0 alcune competenze nella gestione della vita quotidiana.<\/span><\/p>\n<p data-start=\"694\" data-end=\"955\"><span style=\"color: #000000;\">Nel primo caso, i Servizi di Autonomia si concretizzano in <strong data-start=\"753\" data-end=\"782\">appartamenti residenziali<\/strong> gestiti da Zenith, dove gli ospiti vivono in un contesto semi-autonomo e vengono affiancati da un\u2019\u00e9quipe educativa lungo un percorso personalizzato di crescita e autonomia.<\/span><\/p>\n<p data-start=\"957\" data-end=\"1337\"><span style=\"color: #000000;\">Nel secondo caso, i Servizi di Supporto all\u2019Autonomia prevedono <strong data-start=\"1021\" data-end=\"1057\">interventi educativi a domicilio<\/strong>, oppure la <strong data-start=\"1069\" data-end=\"1158\">partecipazione a specifiche attivit\u00e0 organizzate all\u2019interno dei Servizi di Autonomia<\/strong>. In questo modo si garantisce continuit\u00e0 educativa anche a chi vive nella propria abitazione, offrendo occasioni di socialit\u00e0, apprendimento e accompagnamento nella quotidianit\u00e0.<\/span><\/p>\n[\/vc_column_text][vc_empty_space height=&#8221;30px&#8221;][vc_column_text css=&#8221;.vc_custom_1758790148899{margin-bottom: 0px !important;}&#8221;]\n<p data-start=\"1339\" data-end=\"1603\"><span style=\"color: #000000;\">La presa in carico educativa \u00e8 curata dall\u2019<strong data-start=\"1382\" data-end=\"1417\">Educativa Territoriale Handicap<\/strong> delle diverse Circoscrizioni della Citt\u00e0, mentre <strong data-start=\"1467\" data-end=\"1544\">Zenith si occupa della gestione operativa e della progettualit\u00e0 educativa<\/strong>, in un confronto costante e condiviso con l\u2019Ente pubblico.<\/span><\/p>\n<p data-start=\"1605\" data-end=\"1971\"><span style=\"color: #000000;\">L\u2019obiettivo principale \u00e8 costruire, per ciascuna persona, un percorso su misura, partendo dalle competenze gi\u00e0 presenti, analizzandone i bisogni e valorizzando ogni risorsa personale. Il lavoro educativo \u00e8 orientato al raggiungimento del <strong data-start=\"1843\" data-end=\"1883\">massimo grado di autonomia possibile<\/strong>, sempre in un\u2019ottica globale, attenta alla <strong data-start=\"1927\" data-end=\"1970\">specificit\u00e0 e unicit\u00e0 di ogni individuo<\/strong>.<\/span><\/p>\n<p data-start=\"1973\" data-end=\"2294\"><span style=\"color: #000000;\">Gli ospiti dei Servizi di Autonomia, con il supporto dell\u2019\u00e9quipe o del personale assistenziale ove previsto, partecipano attivamente alla gestione del \u201csistema casa\u201d e della propria quotidianit\u00e0, comprese tutte le attivit\u00e0 di cura personale, domestica e relazionale, in parallelo ai propri impegni lavorativi o formativi.<\/span><\/p>\n<p data-start=\"2296\" data-end=\"2520\"><span style=\"color: #000000;\">In entrambi i servizi, l\u2019\u00e9quipe educativa garantisce <strong data-start=\"2349\" data-end=\"2400\">una reperibilit\u00e0 telefonica attiva 24 ore su 24<\/strong>, a tutela della sicurezza degli ospiti e delle persone in carico, per la gestione di eventuali situazioni di emergenza.<\/span><\/p>\n[\/vc_column_text][vc_empty_space height=&#8221;30px&#8221;][\/vc_column][\/vc_row][vc_row][vc_column][vc_separator][vc_empty_space height=&#8221;30px&#8221;][\/vc_column][\/vc_row][vc_row][vc_column][vc_custom_heading text=&#8221;La carta dei Servizi di Autonomia&#8221; google_fonts=&#8221;font_family:Montserrat%3Aregular%2C700|font_style:400%20regular%3A400%3Anormal&#8221;][vc_empty_space height=&#8221;30px&#8221;][vc_column_text css=&#8221;.vc_custom_1684152276092{margin-bottom: 0px !important;}&#8221;]<div class=\"_df_book df-lite\" id=\"df_10407\"  _slug=\"carta-servizi-di-autonomia-2022\" data-title=\"carta-servizi-di-autonomia-2022\" wpoptions=\"true\" thumbtype=\"\" ><\/div><script class=\"df-shortcode-script\" nowprocket type=\"application\/javascript\">window.option_df_10407 = {\"outline\":[],\"backgroundColor\":\"#ffffff\",\"autoEnableOutline\":\"false\",\"autoEnableThumbnail\":\"false\",\"overwritePDFOutline\":\"false\",\"enableDownload\":\"false\",\"direction\":\"1\",\"pageSize\":\"0\",\"soundEnable\":\"false\",\"source\":\"https:\\\/\\\/www.cooperativazenith.it\\\/wp-content\\\/uploads\\\/2023\\\/05\\\/sa-2022_compressed.pdf\",\"wpOptions\":\"true\"}; if(window.DFLIP && window.DFLIP.parseBooks){window.DFLIP.parseBooks();}<\/script>[\/vc_column_text][vc_empty_space height=&#8221;30px&#8221;][\/vc_column][\/vc_row][vc_row visibility=&#8221;hidden-sm&#8221;][vc_column][vc_empty_space height=&#8221;25px&#8221;][vc_separator border_width=&#8221;2&#8243;][vc_empty_space height=&#8221;25px&#8221;][\/vc_column][\/vc_row][vc_row visibility=&#8221;visible-sm&#8221;][vc_column][vc_empty_space height=&#8221;20px&#8221;][vc_separator border_width=&#8221;2&#8243;][vc_empty_space height=&#8221;20px&#8221;][\/vc_column][\/vc_row][vc_row][vc_column][vc_custom_heading text=&#8221;La carta dei Servizi di Supporto all&#8217;Autonomia&#8221; google_fonts=&#8221;font_family:Montserrat%3Aregular%2C700|font_style:400%20regular%3A400%3Anormal&#8221;][vc_empty_space height=&#8221;30px&#8221;][vc_column_text css=&#8221;.vc_custom_1701204821054{margin-bottom: 0px !important;}&#8221;]<div class=\"_df_book df-lite\" id=\"df_10834\"  _slug=\"carta-servizi-di-supporto-allautonomia-2023\" data-title=\"carta-servizi-di-supporto-allautonomia-2023\" wpoptions=\"true\" thumbtype=\"\" ><\/div><script class=\"df-shortcode-script\" nowprocket type=\"application\/javascript\">window.option_df_10834 = {\"outline\":[],\"backgroundColor\":\"#ededed\",\"autoEnableOutline\":\"false\",\"autoEnableThumbnail\":\"false\",\"overwritePDFOutline\":\"false\",\"direction\":\"1\",\"pageSize\":\"0\",\"soundEnable\":\"false\",\"source\":\"https:\\\/\\\/www.cooperativazenith.it\\\/wp-content\\\/uploads\\\/2023\\\/11\\\/ssa-2023_compressed.pdf\",\"wpOptions\":\"true\"}; if(window.DFLIP && window.DFLIP.parseBooks){window.DFLIP.parseBooks();}<\/script>[\/vc_column_text][vc_empty_space height=&#8221;30px&#8221;][\/vc_column][\/vc_row][vc_row visibility=&#8221;visible-sm&#8221;][vc_column][vc_empty_space height=&#8221;30px&#8221;][vc_cta h2=&#8221;Aiutaci a prenderci cura di chi \u00e8 pi\u00f9 fragile!&#8221; h2_font_container=&#8221;tag:h3|font_size:24px|text_align:left|color:%23dd3333&#8243; h2_google_fonts=&#8221;font_family:Montserrat%3Aregular%2C700|font_style:400%20regular%3A400%3Anormal&#8221; shape=&#8221;square&#8221; style=&#8221;flat&#8221; add_button=&#8221;bottom&#8221; btn_title=&#8221;SCOPRI DI PI\u00d9!&#8221; btn_style=&#8221;flat&#8221; btn_shape=&#8221;square&#8221; btn_color=&#8221;danger&#8221; btn_size=&#8221;lg&#8221; btn_align=&#8221;center&#8221; use_custom_fonts_h2=&#8221;true&#8221; btn_button_block=&#8221;true&#8221; btn_link=&#8221;url:https%3A%2F%2Fwww.cooperativazenith.it%2Findex.php%2Fsostienici%2F|||&#8221;]Con il tuo contributo diventerai protagonista dei progetti e degli interventi che dedichiamo agli anziani fragili e alle persone in difficolt\u00e0 socioeconomica della nostra citt\u00e0.[\/vc_cta][\/vc_column][\/vc_row]\n<\/div>","protected":false},"excerpt":{"rendered":"<p>[vc_row fullwidth=&#8221;true&#8221; visibility=&#8221;hidden-sm&#8221; css=&#8221;.vc_custom_1555578599545{margin-top: -60px !important;}&#8221;][vc_column][vc_column_text css=&#8221;.vc_custom_1542638511687{margin-bottom: 0px !important;}&#8221;][\/vc_column_text][vc_empty_space height=&#8221;50px&#8221;][\/vc_column][\/vc_row][vc_row fullwidth=&#8221;true&#8221; visibility=&#8221;visible-sm&#8221; css=&#8221;.vc_custom_1555578608455{margin-top: -25px !important;}&#8221;][vc_column][vc_column_text css=&#8221;.vc_custom_1542638511687{margin-bottom: 0px !important;}&#8221;][\/vc_column_text][vc_empty_space height=&#8221;50px&#8221;][\/vc_column][\/vc_row][vc_row visibility=&#8221;hidden-sm&#8221;][vc_column width=&#8221;1\/4&#8243;][vc_custom_heading text=&#8221;Servizi di Autonomia\/ Supporto all&#8217;Autonomia&#8221; font_container=&#8221;tag:h2|text_align:left|color:%23FF7900&#8243; google_fonts=&#8221;font_family:Montserrat%3Aregular%2C700|font_style:400%20regular%3A400%3Anormal&#8221; css=&#8221;&#8221;][vc_empty_space height=&#8221;30px&#8221;][vc_column_text css=&#8221;.vc_custom_1755166762950{margin-bottom: 0px !important;}&#8221;]I Servizi sono gestiti da Zenith in regime di Accreditamento con la Citt\u00e0 di Torino[\/vc_column_text][vc_empty_space height=&#8221;30px&#8221;][\/vc_column][vc_column width=&#8221;1\/2&#8243;][vc_column_text css=&#8221;.vc_custom_1758790077322{padding-top: 15px !important;padding-right: 15px !important;padding-bottom: 15px [&hellip;]<\/p>\n","protected":false},"author":2,"featured_media":0,"parent":0,"menu_order":0,"comment_status":"closed","ping_status":"closed","template":"","meta":{"give_campaign_id":0,"om_disable_all_campaigns":false,"_uf_show_specific_survey":0,"_uf_disable_surveys":false,"footnotes":""},"class_list":["post-100","page","type-page","status-publish","hentry"],"campaignId":"","_links":{"self":[{"href":"https:\/\/www.cooperativazenith.it\/index.php\/wp-json\/wp\/v2\/pages\/100","targetHints":{"allow":["GET"]}}],"collection":[{"href":"https:\/\/www.cooperativazenith.it\/index.php\/wp-json\/wp\/v2\/pages"}],"about":[{"href":"https:\/\/www.cooperativazenith.it\/index.php\/wp-json\/wp\/v2\/types\/page"}],"author":[{"embeddable":true,"href":"https:\/\/www.cooperativazenith.it\/index.php\/wp-json\/wp\/v2\/users\/2"}],"replies":[{"embeddable":true,"href":"https:\/\/www.cooperativazenith.it\/index.php\/wp-json\/wp\/v2\/comments?post=100"}],"version-history":[{"count":35,"href":"https:\/\/www.cooperativazenith.it\/index.php\/wp-json\/wp\/v2\/pages\/100\/revisions"}],"predecessor-version":[{"id":13345,"href":"https:\/\/www.cooperativazenith.it\/index.php\/wp-json\/wp\/v2\/pages\/100\/revisions\/13345"}],"wp:attachment":[{"href":"https:\/\/www.cooperativazenith.it\/index.php\/wp-json\/wp\/v2\/media?parent=100"}],"curies":[{"name":"wp","href":"https:\/\/api.w.org\/{rel}","templated":true}]}}